{"id":1587,"date":"2022-04-27T13:03:25","date_gmt":"2022-04-27T13:03:25","guid":{"rendered":"https:\/\/havatech.com.tr\/ucus-yonetimi\/"},"modified":"2023-01-17T10:59:34","modified_gmt":"2023-01-17T10:59:34","slug":"ucus-yonetimi","status":"publish","type":"page","link":"https:\/\/havatech.com.tr\/tr\/ucus-yonetimi\/","title":{"rendered":"U\u00e7u\u015f y\u00f6netimi"},"content":{"rendered":"\t\t<div data-elementor-type=\"wp-page\" data-elementor-id=\"1587\" class=\"elementor elementor-1587\">\n\t\t\t\t\t\t<section class=\"elementor-section elementor-top-section elementor-element elementor-element-67342f92 elementor-section-height-min-height elementor-section-content-middle elementor-section-full_width elementor-section-height-default elementor-section-items-middle\" data-id=\"67342f92\" data-element_type=\"section\" data-settings=\"{&quot;background_background&quot;:&quot;classic&quot;}\">\n\t\t\t\t\t\t\t<div class=\"elementor-background-overlay\"><\/div>\n\t\t\t\t\t\t\t<div class=\"elementor-container elementor-column-gap-no\">\n\t\t\t\t\t<div class=\"aux-parallax-section elementor-column elementor-col-100 elementor-top-column elementor-element elementor-element-499710d2 aux-appear-watch-animation aux-fade-in\" data-id=\"499710d2\" data-element_type=\"column\">\n\t\t\t<div class=\"elementor-widget-wrap elementor-element-populated\">\n\t\t\t\t\t\t<div class=\"elementor-element elementor-element-340d84fc aux-appear-watch-animation aux-fade-in-down elementor-widget elementor-widget-aux_modern_heading\" data-id=\"340d84fc\" data-element_type=\"widget\" data-widget_type=\"aux_modern_heading.default\">\n\t\t\t\t<div class=\"elementor-widget-container\">\n\t\t\t<section class=\"aux-widget-modern-heading\">\n            <div class=\"aux-widget-inner\"><h2 class=\"aux-modern-heading-primary\"><\/h2><h3 class=\"aux-modern-heading-secondary\"><span class=\"aux-head-before\">Havatech U\u00e7u\u015f y\u00f6netimi<\/span><\/h3><\/div>\n        <\/section>\t\t<\/div>\n\t\t\t\t<\/div>\n\t\t\t\t\t<\/div>\n\t\t<\/div>\n\t\t\t\t\t<\/div>\n\t\t<\/section>\n\t\t\t\t<section class=\"elementor-section elementor-top-section elementor-element elementor-element-45b92d1d elementor-section-full_width elementor-section-stretched elementor-section-content-middle elementor-section-height-default elementor-section-height-default\" data-id=\"45b92d1d\" data-element_type=\"section\" data-settings=\"{&quot;stretch_section&quot;:&quot;section-stretched&quot;}\">\n\t\t\t\t\t\t<div class=\"elementor-container elementor-column-gap-default\">\n\t\t\t\t\t<div class=\"aux-parallax-section elementor-column elementor-col-50 elementor-top-column elementor-element elementor-element-5a410393\" data-id=\"5a410393\" data-element_type=\"column\">\n\t\t\t<div class=\"elementor-widget-wrap elementor-element-populated\">\n\t\t\t\t\t\t<section class=\"elementor-section elementor-inner-section elementor-element elementor-element-770eeab4 elementor-section-boxed elementor-section-height-default elementor-section-height-default\" data-id=\"770eeab4\" data-element_type=\"section\">\n\t\t\t\t\t\t<div class=\"elementor-container elementor-column-gap-default\">\n\t\t\t\t\t<div class=\"aux-parallax-section elementor-column elementor-col-100 elementor-inner-column elementor-element elementor-element-60691464\" data-id=\"60691464\" data-element_type=\"column\">\n\t\t\t<div class=\"elementor-widget-wrap elementor-element-populated\">\n\t\t\t\t\t\t<div class=\"elementor-element elementor-element-63346392 aux-appear-watch-animation aux-fade-in-up elementor-widget elementor-widget-aux_modern_heading\" data-id=\"63346392\" data-element_type=\"widget\" data-widget_type=\"aux_modern_heading.default\">\n\t\t\t\t<div class=\"elementor-widget-container\">\n\t\t\t<section class=\"aux-widget-modern-heading\">\n            <div class=\"aux-widget-inner\"><h2 class=\"aux-modern-heading-primary\"><\/h2><h2 class=\"aux-modern-heading-secondary\"><span class=\"aux-head-before\">Havatech U\u00e7u\u015f Y\u00f6netimi<\/span><\/h2><div class=\"aux-modern-heading-divider\"><\/div><\/div>\n        <\/section>\t\t<\/div>\n\t\t\t\t<\/div>\n\t\t\t\t<div class=\"elementor-element elementor-element-6cde7516 aux-appear-watch-animation aux-fade-in-up-2 elementor-widget elementor-widget-text-editor\" data-id=\"6cde7516\" data-element_type=\"widget\" data-widget_type=\"text-editor.default\">\n\t\t\t\t<div class=\"elementor-widget-container\">\n\t\t\t\t\t\t\t<div dir=\"auto\"><p>G\u00fcn\u00fcm\u00fczde t\u00fcm havaalanlar\u0131 ve havayollar\u0131n\u0131n g\u00fcnl\u00fck ve standart operasyonel s\u00fcre\u00e7leri vard\u0131r, ancak nadiren programland\u0131\u011f\u0131 ve planland\u0131\u011f\u0131 gibi \u00e7al\u0131\u015f\u0131rlar. Buna ek olarak, u\u00e7ak operasyon s\u00fcresinin d\u00fczg\u00fcn bir \u015fekilde ele al\u0131nmamas\u0131, daha fazla gecikmeye, maliyete, abart\u0131l\u0131 park \u00fccretlerine ve havayolu \u015firketlerinin itibar\u0131n\u0131 \u00f6nemli \u00f6l\u00e7\u00fcde etkileyebilecek yolcu memnuniyetsizli\u011fine neden olabilir. Havatech U\u00e7u\u015f Y\u00f6netimi, daha fazla u\u00e7u\u015fun daha k\u0131sa operasyon s\u00fcreleriyle ger\u00e7ekle\u015ftirilmesine olanak sa\u011flayan, uygun maliyetli ve kullan\u0131m\u0131 kolay bir havaliman\u0131 y\u00f6netim \u00e7\u00f6z\u00fcm\u00fcd\u00fcr.<\/p><p>Havatech U\u00e7u\u015f Y\u00f6netimi, minimum maliyetle ve en verimli \u015fekilde en uygun \u015fekilde planlayarak, \u00f6zellikle d\u00fc\u015f\u00fck maliyetli havayollar\u0131n\u0131n operasyonlar\u0131na daha iyi haz\u0131rlanmas\u0131n\u0131 sa\u011flar. Bug\u00fcn, u\u00e7u\u015f gecikmeleri milyonlarca dolara mal oluyor. Bu nedenle, ister bir havayolu \u015firketi, ister havaalan\u0131 veya yer hizmetleri g\u00f6revlisi olun, sizin i\u00e7in as\u0131l zorluk, maliyetleri d\u00fc\u015f\u00fcr\u00fcrken yolcular ve m\u00fc\u015fteriler i\u00e7in hizmet seviyesi performans\u0131n\u0131 optimize etmektir. Bu ba\u011flamda, kaynaklar\u0131n ve varl\u0131klar\u0131n optimize edilmi\u015f kullan\u0131m\u0131 yoluyla karl\u0131l\u0131\u011fa ula\u015fman\u0131za ve operasyonel maliyetleri d\u00fc\u015f\u00fcrmenize yard\u0131mc\u0131 olur.<\/p><p><br \/>Havatech U\u00e7u\u015f Y\u00f6netimi havayollar\u0131n\u0131n personel, ekipman ve u\u00e7ak park yerleri gibi \u00f6nemli havaalan\u0131 kaynaklar\u0131n\u0131n kullan\u0131m\u0131n\u0131 planlamalar\u0131na ve kontrol etmelerine yard\u0131mc\u0131 olur ve bu da onu karl\u0131 hale getirir. Kabin hizmetlerinden yak\u0131t ikmaline ve ikram hizmetlerine, sa\u011fl\u0131k, g\u00fcvenlik ve uyumlulu\u011fa kadar her hizmetin zaman\u0131nda teslim edilmesini sa\u011flar. Operasyon \u00e7\u00f6z\u00fcm\u00fcn\u00fcz olarak Havatech U\u00e7u\u015f Y\u00f6netimini se\u00e7erek daha fazla u\u00e7ak kullan\u0131m\u0131 elde edebilir ve operasyon s\u00fcre\u00e7lerini ger\u00e7ek zamanl\u0131 olarak y\u00f6netebilirsiniz.<\/p><\/div>\t\t\t\t\t\t<\/div>\n\t\t\t\t<\/div>\n\t\t\t\t\t<\/div>\n\t\t<\/div>\n\t\t\t\t\t<\/div>\n\t\t<\/section>\n\t\t\t\t\t<\/div>\n\t\t<\/div>\n\t\t\t\t<div class=\"aux-parallax-section elementor-column elementor-col-50 elementor-top-column elementor-element elementor-element-40364bd3 elementor-hidden-tablet elementor-hidden-mobile\" data-id=\"40364bd3\" data-element_type=\"column\">\n\t\t\t<div class=\"elementor-widget-wrap elementor-element-populated\">\n\t\t\t\t\t\t<div class=\"elementor-element elementor-element-29e0513 aux-appear-watch-animation aux-fade-in-up-2 elementor-widget elementor-widget-image\" data-id=\"29e0513\" data-element_type=\"widget\" data-widget_type=\"image.default\">\n\t\t\t\t<div class=\"elementor-widget-container\">\n\t\t\t\t\t\t\t\t\t\t\t\t\t<img fetchpriority=\"high\" decoding=\"async\" width=\"845\" height=\"684\" src=\"https:\/\/havatech.com.tr\/wp-content\/uploads\/2022\/04\/Havatech-Turnaround-845x684-1.jpg\" class=\"attachment-full size-full wp-image-1496\" alt=\"\" \/>\t\t\t\t\t\t\t\t\t\t\t\t\t<\/div>\n\t\t\t\t<\/div>\n\t\t\t\t\t<\/div>\n\t\t<\/div>\n\t\t\t\t\t<\/div>\n\t\t<\/section>\n\t\t\t\t<section class=\"elementor-section elementor-top-section elementor-element elementor-element-4fe57acf elementor-section-content-top elementor-section-full_width elementor-section-height-default elementor-section-height-default\" data-id=\"4fe57acf\" data-element_type=\"section\" id=\"about\" data-settings=\"{&quot;background_background&quot;:&quot;classic&quot;}\">\n\t\t\t\t\t\t<div class=\"elementor-container elementor-column-gap-default\">\n\t\t\t\t\t<div class=\"aux-parallax-section elementor-column elementor-col-100 elementor-top-column elementor-element elementor-element-4d8f8b3\" data-id=\"4d8f8b3\" data-element_type=\"column\">\n\t\t\t<div class=\"elementor-widget-wrap elementor-element-populated\">\n\t\t\t\t\t\t<div class=\"elementor-element elementor-element-7e4e4045 aux-appear-watch-animation aux-fade-in-up elementor-widget elementor-widget-aux_modern_heading\" data-id=\"7e4e4045\" data-element_type=\"widget\" data-widget_type=\"aux_modern_heading.default\">\n\t\t\t\t<div class=\"elementor-widget-container\">\n\t\t\t<section class=\"aux-widget-modern-heading\">\n            <div class=\"aux-widget-inner\"><h2 class=\"aux-modern-heading-primary\"><\/h2><h2 class=\"aux-modern-heading-secondary\"><span class=\"aux-head-before\">Yararlar<\/span><\/h2><div class=\"aux-modern-heading-divider\"><\/div><\/div>\n        <\/section>\t\t<\/div>\n\t\t\t\t<\/div>\n\t\t\t\t<div class=\"elementor-element elementor-element-780a2e05 aux-appear-watch-animation aux-fade-in-right elementor-widget elementor-widget-aux_icon_list\" data-id=\"780a2e05\" data-element_type=\"widget\" data-widget_type=\"aux_icon_list.default\">\n\t\t\t\t<div class=\"elementor-widget-container\">\n\t\t\t<section class=\"widget-container aux-widget-icon-list aux-parent-au71859482\" style=\"\" ><div class=\"widget-inner\"><div class=\"aux-widget-icon-list-inner\"><ul class=\"aux-icon-list-items aux-direction-default\" ><li class=\"aux-icon-list-item aux-list-item-has-icon aux-icon-list-item-3eaf636 elementor-repeater-item-3eaf636\" ><span class=\"aux-icon-list-icon auxicon-primitive-dot\" ><\/span><span class=\"aux-icon-list-text\" >U\u00e7u\u015f koordinat\u00f6r\u00fc ile \u00e7e\u015fitli cihazlardan ger\u00e7ek zamanl\u0131 bilgi alabilme(mobil tablet vs.)<\/span><\/li><li class=\"aux-icon-list-item aux-list-item-has-icon aux-icon-list-item-128aa5f elementor-repeater-item-128aa5f\" ><span class=\"aux-icon-list-icon auxicon-primitive-dot\" ><\/span><span class=\"aux-icon-list-text\" >Yer hizmetlerinin bilgi aktar\u0131m\u0131 i\u00e7in esnek bir prosed\u00fcr kontrol\u00fc.<\/span><\/li><li class=\"aux-icon-list-item aux-list-item-has-icon aux-icon-list-item-5b9c510 elementor-repeater-item-5b9c510\" ><span class=\"aux-icon-list-icon auxicon-primitive-dot\" ><\/span><span class=\"aux-icon-list-text\" >\u0130htiya\u00e7 halinde \u00f6zelle\u015ftirilebilen havayollar\u0131 ve yer hizmetleri i\u00e7in elektronik faturaland\u0131rma sistemi.<\/span><\/li><li class=\"aux-icon-list-item aux-list-item-has-icon aux-icon-list-item-77b040f elementor-repeater-item-77b040f\" ><span class=\"aux-icon-list-icon auxicon-primitive-dot\" ><\/span><span class=\"aux-icon-list-text\" >\u0130\u015fletmenizi de\u011ferlendirmek ve optimize etmek i\u00e7in interaktif y\u00f6netim paneli arac\u0131l\u0131\u011f\u0131yla y\u00f6netim ve analiz raporlar\u0131 olu\u015fturmak.<\/span><\/li><li class=\"aux-icon-list-item aux-list-item-has-icon aux-icon-list-item-bd6ef96 elementor-repeater-item-bd6ef96\" ><span class=\"aux-icon-list-icon auxicon-primitive-dot\" ><\/span><span class=\"aux-icon-list-text\" >\u0130htiya\u00e7 halinde \u00f6zelle\u015ftirilebilen havayollar\u0131 ve yer hizmetleri i\u00e7in elektronik faturaland\u0131rma sistemi.Yer hizmetlerinin zaman ve maliyetlerinde dikkat \u00e7ekici verimlilik.<\/span><\/li><\/ul><\/div><\/div><\/section><!-- widget-container -->\t\t<\/div>\n\t\t\t\t<\/div>\n\t\t\t\t\t<\/div>\n\t\t<\/div>\n\t\t\t\t\t<\/div>\n\t\t<\/section>\n\t\t\t\t<section class=\"elementor-section elementor-top-section elementor-element elementor-element-2f0022fe elementor-section-stretched aux-app-download-section elementor-section-boxed elementor-section-height-default elementor-section-height-default\" data-id=\"2f0022fe\" data-element_type=\"section\" id=\"download\" data-settings=\"{&quot;stretch_section&quot;:&quot;section-stretched&quot;,&quot;background_background&quot;:&quot;classic&quot;}\">\n\t\t\t\t\t\t<div class=\"elementor-container elementor-column-gap-default\">\n\t\t\t\t\t<div class=\"aux-parallax-section elementor-column elementor-col-100 elementor-top-column elementor-element elementor-element-23ac96ca\" data-id=\"23ac96ca\" data-element_type=\"column\" data-settings=\"{&quot;background_background&quot;:&quot;classic&quot;}\">\n\t\t\t<div class=\"elementor-widget-wrap elementor-element-populated\">\n\t\t\t\t\t\t<div class=\"elementor-element elementor-element-3512a4d9 aux-appear-watch-animation aux-fade-in-up elementor-widget elementor-widget-aux_modern_heading\" data-id=\"3512a4d9\" data-element_type=\"widget\" data-widget_type=\"aux_modern_heading.default\">\n\t\t\t\t<div class=\"elementor-widget-container\">\n\t\t\t<section class=\"aux-widget-modern-heading\">\n            <div class=\"aux-widget-inner\"><h2 class=\"aux-modern-heading-primary\"><\/h2><h2 class=\"aux-modern-heading-secondary\"><span class=\"aux-head-before\">Havatech U\u00e7u\u015f Y\u00f6netim Katalo\u011fu ve Mobil Uygulamas\u0131n\u0131 \u0130ndirin<\/span><\/h2><div class=\"aux-modern-heading-divider\"><\/div><\/div>\n        <\/section>\t\t<\/div>\n\t\t\t\t<\/div>\n\t\t\t\t<section class=\"elementor-section elementor-inner-section elementor-element elementor-element-2d4b544 aux-appear-watch-animation aux-fade-in-left-2 elementor-section-boxed elementor-section-height-default elementor-section-height-default\" data-id=\"2d4b544\" data-element_type=\"section\">\n\t\t\t\t\t\t<div class=\"elementor-container elementor-column-gap-default\">\n\t\t\t\t\t<div class=\"aux-parallax-section elementor-column elementor-col-50 elementor-inner-column elementor-element elementor-element-b9de7c9\" data-id=\"b9de7c9\" data-element_type=\"column\">\n\t\t\t<div class=\"elementor-widget-wrap elementor-element-populated\">\n\t\t\t\t\t\t<div class=\"elementor-element elementor-element-22280d6c elementor-widget__width-auto elementor-widget elementor-widget-aux_modern_button\" data-id=\"22280d6c\" data-element_type=\"widget\" data-widget_type=\"aux_modern_button.default\">\n\t\t\t\t<div class=\"elementor-widget-container\">\n\t\t\t    <div class=\"aux-modern-button-wrapper aux-modern-button-align-left\" >\n                    <a class=\"aux-modern-button aux-white aux-modern-button-md aux-modern-button-curve aux-modern-button-outline aux-icon-left\" href=\"https:\/\/apps.apple.com\/tr\/app\/havatech-turnaround\/id1566094161\" target=\"_blank\">\n                <div class=\"aux-overlay\"><\/div>\n                                    <div class=\"aux-icon \">\n                        <i aria-hidden=\"true\" class=\"fab fa-app-store-ios\"><\/i>                    <\/div>\n                                <div class=\"aux-text\">\n<span class=\"aux-text-before\">Apple Store<\/span>                <\/div>\n            <\/a>\n            \n    <\/div>\n\n    \t\t<\/div>\n\t\t\t\t<\/div>\n\t\t\t\t\t<\/div>\n\t\t<\/div>\n\t\t\t\t<div class=\"aux-parallax-section elementor-column elementor-col-50 elementor-inner-column elementor-element elementor-element-780a246\" data-id=\"780a246\" data-element_type=\"column\">\n\t\t\t<div class=\"elementor-widget-wrap elementor-element-populated\">\n\t\t\t\t\t\t<div class=\"elementor-element elementor-element-75aee939 elementor-widget__width-auto elementor-widget elementor-widget-aux_modern_button\" data-id=\"75aee939\" data-element_type=\"widget\" data-widget_type=\"aux_modern_button.default\">\n\t\t\t\t<div class=\"elementor-widget-container\">\n\t\t\t    <div class=\"aux-modern-button-wrapper aux-modern-button-align-left\" >\n                    <a class=\"aux-modern-button aux-white aux-modern-button-md aux-modern-button-curve aux-modern-button-outline aux-icon-left\" href=\"https:\/\/play.google.com\/store\/apps\/details?id=com.havatech.turnaround2\" target=\"_blank\">\n                <div class=\"aux-overlay\"><\/div>\n                                    <div class=\"aux-icon \">\n                        <i aria-hidden=\"true\" class=\"fab fa-google-play\"><\/i>                    <\/div>\n                                <div class=\"aux-text\">\n<span class=\"aux-text-before\">Google Play<\/span>                <\/div>\n            <\/a>\n            \n    <\/div>\n\n    \t\t<\/div>\n\t\t\t\t<\/div>\n\t\t\t\t\t<\/div>\n\t\t<\/div>\n\t\t\t\t\t<\/div>\n\t\t<\/section>\n\t\t\t\t\t<\/div>\n\t\t<\/div>\n\t\t\t\t\t<\/div>\n\t\t<\/section>\n\t\t\t\t<\/div>\n\t\t","protected":false},"excerpt":{"rendered":"<p>Havatech U\u00e7u\u015f y\u00f6netimi Havatech U\u00e7u\u015f Y\u00f6netimi G\u00fcn\u00fcm\u00fczde t\u00fcm havaalanlar\u0131 ve havayollar\u0131n\u0131n g\u00fcnl\u00fck ve standart operasyonel s\u00fcre\u00e7leri vard\u0131r, ancak nadiren programland\u0131\u011f\u0131 ve planland\u0131\u011f\u0131 gibi \u00e7al\u0131\u015f\u0131rlar. Buna ek olarak, u\u00e7ak operasyon s\u00fcresinin d\u00fczg\u00fcn bir \u015fekilde ele al\u0131nmamas\u0131, daha fazla gecikmeye, maliyete, abart\u0131l\u0131 park \u00fccretlerine ve havayolu \u015firketlerinin itibar\u0131n\u0131 \u00f6nemli \u00f6l\u00e7\u00fcde etkileyebilecek yolcu memnuniyetsizli\u011fine neden olabilir. Havatech U\u00e7u\u015f [&hellip;]<\/p>\n","protected":false},"author":2,"featured_media":0,"parent":0,"menu_order":0,"comment_status":"closed","ping_status":"closed","template":"","meta":{"footnotes":""},"class_list":["post-1587","page","type-page","status-publish","hentry"],"yoast_head":"<!-- This site is optimized with the Yoast SEO Premium plugin v19.2.1 (Yoast SEO v24.0) - https:\/\/yoast.com\/wordpress\/plugins\/seo\/ -->\n<title>U\u00e7u\u015f y\u00f6netimi - Havatech<\/title>\n<meta name=\"robots\" content=\"index, follow, max-snippet:-1, max-image-preview:large, max-video-preview:-1\" \/>\n<link rel=\"canonical\" href=\"https:\/\/havatech.com.tr\/flight-management\/\" \/>\n<meta property=\"og:locale\" content=\"tr_TR\" \/>\n<meta property=\"og:type\" content=\"article\" \/>\n<meta property=\"og:title\" content=\"U\u00e7u\u015f y\u00f6netimi\" \/>\n<meta property=\"og:description\" content=\"Havatech U\u00e7u\u015f y\u00f6netimi Havatech U\u00e7u\u015f Y\u00f6netimi G\u00fcn\u00fcm\u00fczde t\u00fcm havaalanlar\u0131 ve havayollar\u0131n\u0131n g\u00fcnl\u00fck ve standart operasyonel s\u00fcre\u00e7leri vard\u0131r, ancak nadiren programland\u0131\u011f\u0131 ve planland\u0131\u011f\u0131 gibi \u00e7al\u0131\u015f\u0131rlar. Buna ek olarak, u\u00e7ak operasyon s\u00fcresinin d\u00fczg\u00fcn bir \u015fekilde ele al\u0131nmamas\u0131, daha fazla gecikmeye, maliyete, abart\u0131l\u0131 park \u00fccretlerine ve havayolu \u015firketlerinin itibar\u0131n\u0131 \u00f6nemli \u00f6l\u00e7\u00fcde etkileyebilecek yolcu memnuniyetsizli\u011fine neden olabilir. Havatech U\u00e7u\u015f [&hellip;]\" \/>\n<meta property=\"og:url\" content=\"https:\/\/havatech.com.tr\/flight-management\/\" \/>\n<meta property=\"og:site_name\" content=\"Havatech\" \/>\n<meta property=\"article:modified_time\" content=\"2023-01-17T10:59:34+00:00\" \/>\n<meta property=\"og:image\" content=\"https:\/\/havatech.com.tr\/wp-content\/uploads\/2022\/04\/Havatech-Turnaround-845x684-1.jpg\" \/>\n<meta name=\"twitter:card\" content=\"summary_large_image\" \/>\n<meta name=\"twitter:label1\" content=\"Tahmini okuma s\u00fcresi\" \/>\n\t<meta name=\"twitter:data1\" content=\"2 dakika\" \/>\n<script type=\"application\/ld+json\" class=\"yoast-schema-graph\">{\"@context\":\"https:\/\/schema.org\",\"@graph\":[{\"@type\":\"WebPage\",\"@id\":\"https:\/\/havatech.com.tr\/flight-management\/\",\"url\":\"https:\/\/havatech.com.tr\/flight-management\/\",\"name\":\"U\u00e7u\u015f y\u00f6netimi - Havatech\",\"isPartOf\":{\"@id\":\"https:\/\/havatech.com.tr\/#website\"},\"primaryImageOfPage\":{\"@id\":\"https:\/\/havatech.com.tr\/flight-management\/#primaryimage\"},\"image\":{\"@id\":\"https:\/\/havatech.com.tr\/flight-management\/#primaryimage\"},\"thumbnailUrl\":\"https:\/\/havatech.com.tr\/wp-content\/uploads\/2022\/04\/Havatech-Turnaround-845x684-1.jpg\",\"datePublished\":\"2022-04-27T13:03:25+00:00\",\"dateModified\":\"2023-01-17T10:59:34+00:00\",\"breadcrumb\":{\"@id\":\"https:\/\/havatech.com.tr\/flight-management\/#breadcrumb\"},\"inLanguage\":\"tr\",\"potentialAction\":[{\"@type\":\"ReadAction\",\"target\":[\"https:\/\/havatech.com.tr\/flight-management\/\"]}]},{\"@type\":\"ImageObject\",\"inLanguage\":\"tr\",\"@id\":\"https:\/\/havatech.com.tr\/flight-management\/#primaryimage\",\"url\":\"https:\/\/havatech.com.tr\/wp-content\/uploads\/2022\/04\/Havatech-Turnaround-845x684-1.jpg\",\"contentUrl\":\"https:\/\/havatech.com.tr\/wp-content\/uploads\/2022\/04\/Havatech-Turnaround-845x684-1.jpg\"},{\"@type\":\"BreadcrumbList\",\"@id\":\"https:\/\/havatech.com.tr\/flight-management\/#breadcrumb\",\"itemListElement\":[{\"@type\":\"ListItem\",\"position\":1,\"name\":\"Home\",\"item\":\"https:\/\/havatech.com.tr\/tr\/\"},{\"@type\":\"ListItem\",\"position\":2,\"name\":\"U\u00e7u\u015f y\u00f6netimi\"}]},{\"@type\":\"WebSite\",\"@id\":\"https:\/\/havatech.com.tr\/#website\",\"url\":\"https:\/\/havatech.com.tr\/\",\"name\":\"Havatech\",\"description\":\"A Turkish IT Solution Provider For Aviation Industry\",\"publisher\":{\"@id\":\"https:\/\/havatech.com.tr\/#organization\"},\"potentialAction\":[{\"@type\":\"SearchAction\",\"target\":{\"@type\":\"EntryPoint\",\"urlTemplate\":\"https:\/\/havatech.com.tr\/?s={search_term_string}\"},\"query-input\":{\"@type\":\"PropertyValueSpecification\",\"valueRequired\":true,\"valueName\":\"search_term_string\"}}],\"inLanguage\":\"tr\"},{\"@type\":\"Organization\",\"@id\":\"https:\/\/havatech.com.tr\/#organization\",\"name\":\"Havatech\",\"url\":\"https:\/\/havatech.com.tr\/\",\"logo\":{\"@type\":\"ImageObject\",\"inLanguage\":\"tr\",\"@id\":\"https:\/\/havatech.com.tr\/#\/schema\/logo\/image\/\",\"url\":\"https:\/\/havatech.com.tr\/wp-content\/uploads\/2020\/03\/cropped-logo-havatech-1.png\",\"contentUrl\":\"https:\/\/havatech.com.tr\/wp-content\/uploads\/2020\/03\/cropped-logo-havatech-1.png\",\"width\":160,\"height\":82,\"caption\":\"Havatech\"},\"image\":{\"@id\":\"https:\/\/havatech.com.tr\/#\/schema\/logo\/image\/\"}}]}<\/script>\n<!-- \/ Yoast SEO Premium plugin. -->","yoast_head_json":{"title":"U\u00e7u\u015f y\u00f6netimi - Havatech","robots":{"index":"index","follow":"follow","max-snippet":"max-snippet:-1","max-image-preview":"max-image-preview:large","max-video-preview":"max-video-preview:-1"},"canonical":"https:\/\/havatech.com.tr\/flight-management\/","og_locale":"tr_TR","og_type":"article","og_title":"U\u00e7u\u015f y\u00f6netimi","og_description":"Havatech U\u00e7u\u015f y\u00f6netimi Havatech U\u00e7u\u015f Y\u00f6netimi G\u00fcn\u00fcm\u00fczde t\u00fcm havaalanlar\u0131 ve havayollar\u0131n\u0131n g\u00fcnl\u00fck ve standart operasyonel s\u00fcre\u00e7leri vard\u0131r, ancak nadiren programland\u0131\u011f\u0131 ve planland\u0131\u011f\u0131 gibi \u00e7al\u0131\u015f\u0131rlar. Buna ek olarak, u\u00e7ak operasyon s\u00fcresinin d\u00fczg\u00fcn bir \u015fekilde ele al\u0131nmamas\u0131, daha fazla gecikmeye, maliyete, abart\u0131l\u0131 park \u00fccretlerine ve havayolu \u015firketlerinin itibar\u0131n\u0131 \u00f6nemli \u00f6l\u00e7\u00fcde etkileyebilecek yolcu memnuniyetsizli\u011fine neden olabilir. Havatech U\u00e7u\u015f [&hellip;]","og_url":"https:\/\/havatech.com.tr\/flight-management\/","og_site_name":"Havatech","article_modified_time":"2023-01-17T10:59:34+00:00","og_image":[{"url":"https:\/\/havatech.com.tr\/wp-content\/uploads\/2022\/04\/Havatech-Turnaround-845x684-1.jpg","type":"","width":"","height":""}],"twitter_card":"summary_large_image","twitter_misc":{"Tahmini okuma s\u00fcresi":"2 dakika"},"schema":{"@context":"https:\/\/schema.org","@graph":[{"@type":"WebPage","@id":"https:\/\/havatech.com.tr\/flight-management\/","url":"https:\/\/havatech.com.tr\/flight-management\/","name":"U\u00e7u\u015f y\u00f6netimi - Havatech","isPartOf":{"@id":"https:\/\/havatech.com.tr\/#website"},"primaryImageOfPage":{"@id":"https:\/\/havatech.com.tr\/flight-management\/#primaryimage"},"image":{"@id":"https:\/\/havatech.com.tr\/flight-management\/#primaryimage"},"thumbnailUrl":"https:\/\/havatech.com.tr\/wp-content\/uploads\/2022\/04\/Havatech-Turnaround-845x684-1.jpg","datePublished":"2022-04-27T13:03:25+00:00","dateModified":"2023-01-17T10:59:34+00:00","breadcrumb":{"@id":"https:\/\/havatech.com.tr\/flight-management\/#breadcrumb"},"inLanguage":"tr","potentialAction":[{"@type":"ReadAction","target":["https:\/\/havatech.com.tr\/flight-management\/"]}]},{"@type":"ImageObject","inLanguage":"tr","@id":"https:\/\/havatech.com.tr\/flight-management\/#primaryimage","url":"https:\/\/havatech.com.tr\/wp-content\/uploads\/2022\/04\/Havatech-Turnaround-845x684-1.jpg","contentUrl":"https:\/\/havatech.com.tr\/wp-content\/uploads\/2022\/04\/Havatech-Turnaround-845x684-1.jpg"},{"@type":"BreadcrumbList","@id":"https:\/\/havatech.com.tr\/flight-management\/#breadcrumb","itemListElement":[{"@type":"ListItem","position":1,"name":"Home","item":"https:\/\/havatech.com.tr\/tr\/"},{"@type":"ListItem","position":2,"name":"U\u00e7u\u015f y\u00f6netimi"}]},{"@type":"WebSite","@id":"https:\/\/havatech.com.tr\/#website","url":"https:\/\/havatech.com.tr\/","name":"Havatech","description":"A Turkish IT Solution Provider For Aviation Industry","publisher":{"@id":"https:\/\/havatech.com.tr\/#organization"},"potentialAction":[{"@type":"SearchAction","target":{"@type":"EntryPoint","urlTemplate":"https:\/\/havatech.com.tr\/?s={search_term_string}"},"query-input":{"@type":"PropertyValueSpecification","valueRequired":true,"valueName":"search_term_string"}}],"inLanguage":"tr"},{"@type":"Organization","@id":"https:\/\/havatech.com.tr\/#organization","name":"Havatech","url":"https:\/\/havatech.com.tr\/","logo":{"@type":"ImageObject","inLanguage":"tr","@id":"https:\/\/havatech.com.tr\/#\/schema\/logo\/image\/","url":"https:\/\/havatech.com.tr\/wp-content\/uploads\/2020\/03\/cropped-logo-havatech-1.png","contentUrl":"https:\/\/havatech.com.tr\/wp-content\/uploads\/2020\/03\/cropped-logo-havatech-1.png","width":160,"height":82,"caption":"Havatech"},"image":{"@id":"https:\/\/havatech.com.tr\/#\/schema\/logo\/image\/"}}]}},"_links":{"self":[{"href":"https:\/\/havatech.com.tr\/tr\/wp-json\/wp\/v2\/pages\/1587","targetHints":{"allow":["GET"]}}],"collection":[{"href":"https:\/\/havatech.com.tr\/tr\/wp-json\/wp\/v2\/pages"}],"about":[{"href":"https:\/\/havatech.com.tr\/tr\/wp-json\/wp\/v2\/types\/page"}],"author":[{"embeddable":true,"href":"https:\/\/havatech.com.tr\/tr\/wp-json\/wp\/v2\/users\/2"}],"replies":[{"embeddable":true,"href":"https:\/\/havatech.com.tr\/tr\/wp-json\/wp\/v2\/comments?post=1587"}],"version-history":[{"count":5,"href":"https:\/\/havatech.com.tr\/tr\/wp-json\/wp\/v2\/pages\/1587\/revisions"}],"predecessor-version":[{"id":3011,"href":"https:\/\/havatech.com.tr\/tr\/wp-json\/wp\/v2\/pages\/1587\/revisions\/3011"}],"wp:attachment":[{"href":"https:\/\/havatech.com.tr\/tr\/wp-json\/wp\/v2\/media?parent=1587"}],"curies":[{"name":"wp","href":"https:\/\/api.w.org\/{rel}","templated":true}]}}