{"id":1582,"date":"2022-04-27T13:19:03","date_gmt":"2022-04-27T13:19:03","guid":{"rendered":"https:\/\/havatech.com.tr\/damaged-baggage-application\/"},"modified":"2023-01-17T11:21:59","modified_gmt":"2023-01-17T11:21:59","slug":"damaged-baggage-application","status":"publish","type":"page","link":"https:\/\/havatech.com.tr\/tr\/damaged-baggage-application\/","title":{"rendered":"Damaged Baggage Application"},"content":{"rendered":"\t\t<div data-elementor-type=\"wp-page\" data-elementor-id=\"1582\" class=\"elementor elementor-1582\">\n\t\t\t\t\t\t<section class=\"elementor-section elementor-top-section elementor-element elementor-element-404aac01 elementor-section-height-min-height elementor-section-content-middle elementor-section-full_width elementor-section-height-default elementor-section-items-middle\" data-id=\"404aac01\" data-element_type=\"section\" data-settings=\"{&quot;background_background&quot;:&quot;classic&quot;}\">\n\t\t\t\t\t\t\t<div class=\"elementor-background-overlay\"><\/div>\n\t\t\t\t\t\t\t<div class=\"elementor-container elementor-column-gap-no\">\n\t\t\t\t\t<div class=\"aux-parallax-section elementor-column elementor-col-100 elementor-top-column elementor-element elementor-element-312f1484 aux-appear-watch-animation aux-fade-in\" data-id=\"312f1484\" data-element_type=\"column\">\n\t\t\t<div class=\"elementor-widget-wrap elementor-element-populated\">\n\t\t\t\t\t\t<div class=\"elementor-element elementor-element-5c26a95f aux-appear-watch-animation aux-fade-in-down elementor-widget elementor-widget-aux_modern_heading\" data-id=\"5c26a95f\" data-element_type=\"widget\" data-widget_type=\"aux_modern_heading.default\">\n\t\t\t\t<div class=\"elementor-widget-container\">\n\t\t\t<section class=\"aux-widget-modern-heading\">\n            <div class=\"aux-widget-inner\"><h2 class=\"aux-modern-heading-primary\"><\/h2><h3 class=\"aux-modern-heading-secondary\"><span class=\"aux-head-before\">Havatech Damaged Baggage Application<\/span><\/h3><\/div>\n        <\/section>\t\t<\/div>\n\t\t\t\t<\/div>\n\t\t\t\t\t<\/div>\n\t\t<\/div>\n\t\t\t\t\t<\/div>\n\t\t<\/section>\n\t\t\t\t<section class=\"elementor-section elementor-top-section elementor-element elementor-element-101c43f8 elementor-section-full_width elementor-section-stretched elementor-section-content-middle elementor-section-height-default elementor-section-height-default\" data-id=\"101c43f8\" data-element_type=\"section\" data-settings=\"{&quot;stretch_section&quot;:&quot;section-stretched&quot;}\">\n\t\t\t\t\t\t<div class=\"elementor-container elementor-column-gap-default\">\n\t\t\t\t\t<div class=\"aux-parallax-section elementor-column elementor-col-100 elementor-top-column elementor-element elementor-element-f57e385\" data-id=\"f57e385\" data-element_type=\"column\">\n\t\t\t<div class=\"elementor-widget-wrap elementor-element-populated\">\n\t\t\t\t\t\t<section class=\"elementor-section elementor-inner-section elementor-element elementor-element-69a16935 elementor-section-boxed elementor-section-height-default elementor-section-height-default\" data-id=\"69a16935\" data-element_type=\"section\">\n\t\t\t\t\t\t<div class=\"elementor-container elementor-column-gap-default\">\n\t\t\t\t\t<div class=\"aux-parallax-section elementor-column elementor-col-100 elementor-inner-column elementor-element elementor-element-6324ff73\" data-id=\"6324ff73\" data-element_type=\"column\">\n\t\t\t<div class=\"elementor-widget-wrap elementor-element-populated\">\n\t\t\t\t\t\t<div class=\"elementor-element elementor-element-5eb780ad aux-appear-watch-animation aux-fade-in-up elementor-widget elementor-widget-aux_modern_heading\" data-id=\"5eb780ad\" data-element_type=\"widget\" data-widget_type=\"aux_modern_heading.default\">\n\t\t\t\t<div class=\"elementor-widget-container\">\n\t\t\t<section class=\"aux-widget-modern-heading\">\n            <div class=\"aux-widget-inner\"><h2 class=\"aux-modern-heading-primary\"><\/h2><h2 class=\"aux-modern-heading-secondary\"><span class=\"aux-head-before\">Havatech Damaged Baggage Application<\/span><\/h2><div class=\"aux-modern-heading-divider\"><\/div><\/div>\n        <\/section>\t\t<\/div>\n\t\t\t\t<\/div>\n\t\t\t\t<div class=\"elementor-element elementor-element-7f89a0c7 aux-appear-watch-animation aux-fade-in-up-2 elementor-widget elementor-widget-text-editor\" data-id=\"7f89a0c7\" data-element_type=\"widget\" data-widget_type=\"text-editor.default\">\n\t\t\t\t<div class=\"elementor-widget-container\">\n\t\t\t\t\t\t\t<p><span title=\"\">Havatech Hasarl\u0131 Bagaj Uygulamas\u0131 havayolu yetkililerine u\u00e7u\u015f s\u0131ras\u0131nda yolcular\u0131n bagaj hasarlar\u0131n\u0131 bildirme ve y\u00f6netme yetkisi verir.<\/span>\u00a0<span title=\"\">Uygulamam\u0131z\u0131 kullanarak operat\u00f6rler, yolcular\u0131n taleplerinin raporunu sorunsuz bir \u015fekilde olu\u015fturabilir ve bagaj durumunu denetleyebilir.<\/span><br \/><span title=\"\">Her havayolu \u015firketinin hasar t\u00fcr\u00fcn\u00fc belirten benzersiz bir bagaj politikas\u0131 vard\u0131r.<\/span>\u00a0<span title=\"\">Havayollar\u0131 tazminat i\u00e7in hasar\u0131n t\u00fcr\u00fcne ve onar\u0131m ve \/ veya geri \u00f6deme tekliflerine g\u00f6re \u00f6deme yapar.<\/span>\u00a0<span class=\"\" title=\"\">Kullan\u0131c\u0131lar, uygulamay\u0131 kullan\u0131rken ihtiya\u00e7lar\u0131na g\u00f6re benzersiz politikalar belirleyebilir.<\/span><br \/><span class=\"\" title=\"\">Bir yolcu tazminat istedi\u011finde, acente tazminat seviyesini do\u011frulamak i\u00e7in check-in i\u015flemi s\u0131ras\u0131nda \u00e7ekilen bagaj resimlerini mevcut durumu ile kar\u015f\u0131la\u015ft\u0131rmak i\u00e7in bagaj etiketi barkodunu taramal\u0131d\u0131r.<\/span><\/p>\t\t\t\t\t\t<\/div>\n\t\t\t\t<\/div>\n\t\t\t\t\t<\/div>\n\t\t<\/div>\n\t\t\t\t\t<\/div>\n\t\t<\/section>\n\t\t\t\t<div class=\"elementor-element elementor-element-8df8af4 aux-appear-watch-animation aux-fade-in-left-2 elementor-widget elementor-widget-image\" data-id=\"8df8af4\" data-element_type=\"widget\" data-widget_type=\"image.default\">\n\t\t\t\t<div class=\"elementor-widget-container\">\n\t\t\t\t\t\t\t\t\t\t\t\t\t\t<a href=\"https:\/\/havatech.com.tr\/wp-content\/uploads\/2022\/04\/damaged-baggage-page.jpg\" data-elementor-open-lightbox=\"yes\" data-elementor-lightbox-title=\"damaged-baggage\" data-e-action-hash=\"#elementor-action%3Aaction%3Dlightbox%26settings%3DeyJpZCI6MTUwOCwidXJsIjoiaHR0cHM6XC9cL2hhdmF0ZWNoLmNvbS50clwvd3AtY29udGVudFwvdXBsb2Fkc1wvMjAyMlwvMDRcL2RhbWFnZWQtYmFnZ2FnZS1wYWdlLmpwZyJ9\">\n\t\t\t\t\t\t\t<img fetchpriority=\"high\" decoding=\"async\" width=\"700\" height=\"300\" src=\"https:\/\/havatech.com.tr\/wp-content\/uploads\/2022\/04\/damaged-baggage-page.jpg\" class=\"attachment-full size-full wp-image-1508\" alt=\"\" \/>\t\t\t\t\t\t\t\t<\/a>\n\t\t\t\t\t\t\t\t\t\t\t\t\t<\/div>\n\t\t\t\t<\/div>\n\t\t\t\t\t<\/div>\n\t\t<\/div>\n\t\t\t\t\t<\/div>\n\t\t<\/section>\n\t\t\t\t<section class=\"elementor-section elementor-top-section elementor-element elementor-element-c1a4b6b elementor-section-content-top elementor-section-full_width elementor-section-height-default elementor-section-height-default\" data-id=\"c1a4b6b\" data-element_type=\"section\" id=\"about\" data-settings=\"{&quot;background_background&quot;:&quot;classic&quot;}\">\n\t\t\t\t\t\t<div class=\"elementor-container elementor-column-gap-default\">\n\t\t\t\t\t<div class=\"aux-parallax-section elementor-column elementor-col-100 elementor-top-column elementor-element elementor-element-323e9402\" data-id=\"323e9402\" data-element_type=\"column\" data-settings=\"{&quot;background_background&quot;:&quot;classic&quot;}\">\n\t\t\t<div class=\"elementor-widget-wrap elementor-element-populated\">\n\t\t\t\t\t\t<div class=\"elementor-element elementor-element-1a23ef1 aux-appear-watch-animation aux-fade-in-up elementor-widget elementor-widget-aux_modern_heading\" data-id=\"1a23ef1\" data-element_type=\"widget\" data-widget_type=\"aux_modern_heading.default\">\n\t\t\t\t<div class=\"elementor-widget-container\">\n\t\t\t<section class=\"aux-widget-modern-heading\">\n            <div class=\"aux-widget-inner\"><h2 class=\"aux-modern-heading-primary\"><\/h2><h2 class=\"aux-modern-heading-secondary\"><span class=\"aux-head-before\">\u00d6zellikleri<\/span><\/h2><div class=\"aux-modern-heading-divider\"><\/div><\/div>\n        <\/section>\t\t<\/div>\n\t\t\t\t<\/div>\n\t\t\t\t<div class=\"elementor-element elementor-element-58664ecc aux-appear-watch-animation aux-fade-in-right elementor-widget elementor-widget-aux_icon_list\" data-id=\"58664ecc\" data-element_type=\"widget\" data-widget_type=\"aux_icon_list.default\">\n\t\t\t\t<div class=\"elementor-widget-container\">\n\t\t\t<section class=\"widget-container aux-widget-icon-list aux-parent-au77e2ffcd\" style=\"\" ><div class=\"widget-inner\"><div class=\"aux-widget-icon-list-inner\"><ul class=\"aux-icon-list-items aux-direction-default\" ><li class=\"aux-icon-list-item aux-list-item-has-icon aux-icon-list-item-b59a7c6 elementor-repeater-item-b59a7c6\" ><span class=\"aux-icon-list-icon auxicon-primitive-dot\" ><\/span><span class=\"aux-icon-list-text\" >Havatech Hasarl\u0131 Bagaj Uygulamas\u0131 hem android hem de iOS telefonlar i\u00e7in geli\u015ftirilmi\u015ftir<\/span><\/li><li class=\"aux-icon-list-item aux-list-item-has-icon aux-icon-list-item-3eaf636 elementor-repeater-item-3eaf636\" ><span class=\"aux-icon-list-icon auxicon-primitive-dot\" ><\/span><span class=\"aux-icon-list-text\" >Hasarl\u0131 bagaj\u0131, formu g\u00f6nderdikten hemen sonra, Havaalan\u0131 Bagaj Servisi Ofisine bildirin<\/span><\/li><li class=\"aux-icon-list-item aux-list-item-has-icon aux-icon-list-item-128aa5f elementor-repeater-item-128aa5f\" ><span class=\"aux-icon-list-icon auxicon-primitive-dot\" ><\/span><span class=\"aux-icon-list-text\" >Havatech Hasarl\u0131 Bagaj Tespit Formu kullanarak bir hasar talep formunu veya  D\u00fczensizli\u011fi Raporunu bagaj resmiyle kolayca doldurabilirsiniz.<\/span><\/li><li class=\"aux-icon-list-item aux-list-item-has-icon aux-icon-list-item-13de32d elementor-repeater-item-13de32d\" ><span class=\"aux-icon-list-icon auxicon-primitive-dot\" ><\/span><span class=\"aux-icon-list-text\" >Havatech uygulamas\u0131, yolcular\u0131n bini\u015f kart\u0131 barkodunu tarayarak hasarl\u0131 bagaj bilgilerini alman\u0131z\u0131 sa\u011flar<\/span><\/li><\/ul><\/div><\/div><\/section><!-- widget-container -->\t\t<\/div>\n\t\t\t\t<\/div>\n\t\t\t\t\t<\/div>\n\t\t<\/div>\n\t\t\t\t\t<\/div>\n\t\t<\/section>\n\t\t\t\t<section class=\"elementor-section elementor-top-section elementor-element elementor-element-603d53 elementor-section-stretched aux-app-download-section elementor-section-boxed elementor-section-height-default elementor-section-height-default\" data-id=\"603d53\" data-element_type=\"section\" id=\"download\" data-settings=\"{&quot;stretch_section&quot;:&quot;section-stretched&quot;,&quot;background_background&quot;:&quot;classic&quot;}\">\n\t\t\t\t\t\t<div class=\"elementor-container elementor-column-gap-default\">\n\t\t\t\t\t<div class=\"aux-parallax-section elementor-column elementor-col-100 elementor-top-column elementor-element elementor-element-38f94cc9\" data-id=\"38f94cc9\" data-element_type=\"column\" data-settings=\"{&quot;background_background&quot;:&quot;classic&quot;}\">\n\t\t\t<div class=\"elementor-widget-wrap elementor-element-populated\">\n\t\t\t\t\t\t<div class=\"elementor-element elementor-element-4ad05fb3 aux-appear-watch-animation aux-fade-in-up elementor-widget elementor-widget-aux_modern_heading\" data-id=\"4ad05fb3\" data-element_type=\"widget\" data-widget_type=\"aux_modern_heading.default\">\n\t\t\t\t<div class=\"elementor-widget-container\">\n\t\t\t<section class=\"aux-widget-modern-heading\">\n            <div class=\"aux-widget-inner\"><h2 class=\"aux-modern-heading-primary\"><\/h2><h2 class=\"aux-modern-heading-secondary\"><span class=\"aux-head-before\">Havatech Hasarl\u0131 Bagaj Katalo\u011fu ve Mobil Uygulamas\u0131n\u0131 \u0130ndirin<\/span><\/h2><div class=\"aux-modern-heading-divider\"><\/div><\/div>\n        <\/section>\t\t<\/div>\n\t\t\t\t<\/div>\n\t\t\t\t<section class=\"elementor-section elementor-inner-section elementor-element elementor-element-6534d06 elementor-section-full_width elementor-section-content-middle aux-appear-watch-animation aux-fade-in-left-2 elementor-section-height-default elementor-section-height-default\" data-id=\"6534d06\" data-element_type=\"section\">\n\t\t\t\t\t\t<div class=\"elementor-container elementor-column-gap-default\">\n\t\t\t\t\t<div class=\"aux-parallax-section elementor-column elementor-col-33 elementor-inner-column elementor-element elementor-element-638ed28\" data-id=\"638ed28\" data-element_type=\"column\">\n\t\t\t<div class=\"elementor-widget-wrap elementor-element-populated\">\n\t\t\t\t\t\t<div class=\"elementor-element elementor-element-2fbbfc4b elementor-widget__width-auto elementor-widget elementor-widget-aux_modern_button\" data-id=\"2fbbfc4b\" data-element_type=\"widget\" data-widget_type=\"aux_modern_button.default\">\n\t\t\t\t<div class=\"elementor-widget-container\">\n\t\t\t    <div class=\"aux-modern-button-wrapper aux-modern-button-align-left\" >\n                    <a class=\"aux-modern-button aux-white aux-modern-button-md aux-modern-button-curve aux-modern-button-outline aux-icon-left\" href=\"https:\/\/apps.apple.com\/us\/app\/damaged-baggage\/id1522699178#?platform=iphone\" target=\"_blank\">\n                <div class=\"aux-overlay\"><\/div>\n                                    <div class=\"aux-icon \">\n                        <i aria-hidden=\"true\" class=\"fab fa-app-store-ios\"><\/i>                    <\/div>\n                                <div class=\"aux-text\">\n<span class=\"aux-text-before\">Apple Store<\/span>                <\/div>\n            <\/a>\n            \n    <\/div>\n\n    \t\t<\/div>\n\t\t\t\t<\/div>\n\t\t\t\t\t<\/div>\n\t\t<\/div>\n\t\t\t\t<div class=\"aux-parallax-section elementor-column elementor-col-33 elementor-inner-column elementor-element elementor-element-3278e56\" data-id=\"3278e56\" data-element_type=\"column\">\n\t\t\t<div class=\"elementor-widget-wrap elementor-element-populated\">\n\t\t\t\t\t\t<div class=\"elementor-element elementor-element-f62749a elementor-widget__width-auto elementor-widget elementor-widget-aux_modern_button\" data-id=\"f62749a\" data-element_type=\"widget\" data-widget_type=\"aux_modern_button.default\">\n\t\t\t\t<div class=\"elementor-widget-container\">\n\t\t\t    <div class=\"aux-modern-button-wrapper aux-modern-button-align-left\" >\n                    <a class=\"aux-modern-button aux-white aux-modern-button-md aux-modern-button-curve aux-modern-button-outline aux-icon-left\" href=\"https:\/\/play.google.com\/store\/apps\/details?id=com.havatech.damaged_baggage\" target=\"_blank\">\n                <div class=\"aux-overlay\"><\/div>\n                                    <div class=\"aux-icon \">\n                        <i aria-hidden=\"true\" class=\"fab fa-google-play\"><\/i>                    <\/div>\n                                <div class=\"aux-text\">\n<span class=\"aux-text-before\">Google Play<\/span>                <\/div>\n            <\/a>\n            \n    <\/div>\n\n    \t\t<\/div>\n\t\t\t\t<\/div>\n\t\t\t\t\t<\/div>\n\t\t<\/div>\n\t\t\t\t<div class=\"aux-parallax-section elementor-column elementor-col-33 elementor-inner-column elementor-element elementor-element-ba8bb05\" data-id=\"ba8bb05\" data-element_type=\"column\">\n\t\t\t<div class=\"elementor-widget-wrap elementor-element-populated\">\n\t\t\t\t\t\t<div class=\"elementor-element elementor-element-9f2f2a8 elementor-widget__width-auto elementor-widget elementor-widget-aux_modern_button\" data-id=\"9f2f2a8\" data-element_type=\"widget\" data-widget_type=\"aux_modern_button.default\">\n\t\t\t\t<div class=\"elementor-widget-container\">\n\t\t\t    <div class=\"aux-modern-button-wrapper aux-modern-button-align-left\" >\n                    <a class=\"aux-modern-button aux-white aux-modern-button-md aux-modern-button-curve aux-modern-button-outline aux-icon-left\" href=\"https:\/\/havatech.com.tr\/wp-content\/uploads\/2022\/05\/Brochure-Damaged-Baggage-Application.pdf\" target=\"_blank\">\n                <div class=\"aux-overlay\"><\/div>\n                                    <div class=\"aux-icon \">\n                        <i aria-hidden=\"true\" class=\"fas fa-file-pdf\"><\/i>                    <\/div>\n                                <div class=\"aux-text\">\n<span class=\"aux-text-before\">Download Catalogue<\/span>                <\/div>\n            <\/a>\n            \n    <\/div>\n\n    \t\t<\/div>\n\t\t\t\t<\/div>\n\t\t\t\t\t<\/div>\n\t\t<\/div>\n\t\t\t\t\t<\/div>\n\t\t<\/section>\n\t\t\t\t\t<\/div>\n\t\t<\/div>\n\t\t\t\t\t<\/div>\n\t\t<\/section>\n\t\t\t\t<\/div>\n\t\t","protected":false},"excerpt":{"rendered":"<p>Havatech Damaged Baggage Application Havatech Damaged Baggage Application Havatech Hasarl\u0131 Bagaj Uygulamas\u0131 havayolu yetkililerine u\u00e7u\u015f s\u0131ras\u0131nda yolcular\u0131n bagaj hasarlar\u0131n\u0131 bildirme ve y\u00f6netme yetkisi verir.\u00a0Uygulamam\u0131z\u0131 kullanarak operat\u00f6rler, yolcular\u0131n taleplerinin raporunu sorunsuz bir \u015fekilde olu\u015fturabilir ve bagaj durumunu denetleyebilir.Her havayolu \u015firketinin hasar t\u00fcr\u00fcn\u00fc belirten benzersiz bir bagaj politikas\u0131 vard\u0131r.\u00a0Havayollar\u0131 tazminat i\u00e7in hasar\u0131n t\u00fcr\u00fcne ve onar\u0131m ve \/ [&hellip;]<\/p>\n","protected":false},"author":2,"featured_media":0,"parent":0,"menu_order":0,"comment_status":"closed","ping_status":"closed","template":"","meta":{"footnotes":""},"class_list":["post-1582","page","type-page","status-publish","hentry"],"yoast_head":"<!-- This site is optimized with the Yoast SEO Premium plugin v19.2.1 (Yoast SEO v24.0) - https:\/\/yoast.com\/wordpress\/plugins\/seo\/ -->\n<title>Damaged Baggage Application - Havatech<\/title>\n<meta name=\"robots\" content=\"index, follow, max-snippet:-1, max-image-preview:large, max-video-preview:-1\" \/>\n<link rel=\"canonical\" href=\"https:\/\/havatech.com.tr\/tr\/damaged-baggage-application\/\" \/>\n<meta property=\"og:locale\" content=\"tr_TR\" \/>\n<meta property=\"og:type\" content=\"article\" \/>\n<meta property=\"og:title\" content=\"Damaged Baggage Application\" \/>\n<meta property=\"og:description\" content=\"Havatech Damaged Baggage Application Havatech Damaged Baggage Application Havatech Hasarl\u0131 Bagaj Uygulamas\u0131 havayolu yetkililerine u\u00e7u\u015f s\u0131ras\u0131nda yolcular\u0131n bagaj hasarlar\u0131n\u0131 bildirme ve y\u00f6netme yetkisi verir.\u00a0Uygulamam\u0131z\u0131 kullanarak operat\u00f6rler, yolcular\u0131n taleplerinin raporunu sorunsuz bir \u015fekilde olu\u015fturabilir ve bagaj durumunu denetleyebilir.Her havayolu \u015firketinin hasar t\u00fcr\u00fcn\u00fc belirten benzersiz bir bagaj politikas\u0131 vard\u0131r.\u00a0Havayollar\u0131 tazminat i\u00e7in hasar\u0131n t\u00fcr\u00fcne ve onar\u0131m ve \/ [&hellip;]\" \/>\n<meta property=\"og:url\" content=\"https:\/\/havatech.com.tr\/tr\/damaged-baggage-application\/\" \/>\n<meta property=\"og:site_name\" content=\"Havatech\" \/>\n<meta property=\"article:modified_time\" content=\"2023-01-17T11:21:59+00:00\" \/>\n<meta property=\"og:image\" content=\"https:\/\/havatech.com.tr\/wp-content\/uploads\/2022\/04\/damaged-baggage-page.jpg\" \/>\n<meta name=\"twitter:card\" content=\"summary_large_image\" \/>\n<meta name=\"twitter:label1\" content=\"Tahmini okuma s\u00fcresi\" \/>\n\t<meta name=\"twitter:data1\" content=\"1 dakika\" \/>\n<script type=\"application\/ld+json\" class=\"yoast-schema-graph\">{\"@context\":\"https:\/\/schema.org\",\"@graph\":[{\"@type\":\"WebPage\",\"@id\":\"https:\/\/havatech.com.tr\/tr\/damaged-baggage-application\/\",\"url\":\"https:\/\/havatech.com.tr\/tr\/damaged-baggage-application\/\",\"name\":\"Damaged Baggage Application - Havatech\",\"isPartOf\":{\"@id\":\"https:\/\/havatech.com.tr\/#website\"},\"primaryImageOfPage\":{\"@id\":\"https:\/\/havatech.com.tr\/tr\/damaged-baggage-application\/#primaryimage\"},\"image\":{\"@id\":\"https:\/\/havatech.com.tr\/tr\/damaged-baggage-application\/#primaryimage\"},\"thumbnailUrl\":\"https:\/\/havatech.com.tr\/wp-content\/uploads\/2022\/04\/damaged-baggage-page.jpg\",\"datePublished\":\"2022-04-27T13:19:03+00:00\",\"dateModified\":\"2023-01-17T11:21:59+00:00\",\"breadcrumb\":{\"@id\":\"https:\/\/havatech.com.tr\/tr\/damaged-baggage-application\/#breadcrumb\"},\"inLanguage\":\"tr\",\"potentialAction\":[{\"@type\":\"ReadAction\",\"target\":[\"https:\/\/havatech.com.tr\/tr\/damaged-baggage-application\/\"]}]},{\"@type\":\"ImageObject\",\"inLanguage\":\"tr\",\"@id\":\"https:\/\/havatech.com.tr\/tr\/damaged-baggage-application\/#primaryimage\",\"url\":\"https:\/\/havatech.com.tr\/wp-content\/uploads\/2022\/04\/damaged-baggage-page.jpg\",\"contentUrl\":\"https:\/\/havatech.com.tr\/wp-content\/uploads\/2022\/04\/damaged-baggage-page.jpg\"},{\"@type\":\"BreadcrumbList\",\"@id\":\"https:\/\/havatech.com.tr\/tr\/damaged-baggage-application\/#breadcrumb\",\"itemListElement\":[{\"@type\":\"ListItem\",\"position\":1,\"name\":\"Home\",\"item\":\"https:\/\/havatech.com.tr\/tr\/\"},{\"@type\":\"ListItem\",\"position\":2,\"name\":\"Damaged Baggage Application\"}]},{\"@type\":\"WebSite\",\"@id\":\"https:\/\/havatech.com.tr\/#website\",\"url\":\"https:\/\/havatech.com.tr\/\",\"name\":\"Havatech\",\"description\":\"A Turkish IT Solution Provider For Aviation Industry\",\"publisher\":{\"@id\":\"https:\/\/havatech.com.tr\/#organization\"},\"potentialAction\":[{\"@type\":\"SearchAction\",\"target\":{\"@type\":\"EntryPoint\",\"urlTemplate\":\"https:\/\/havatech.com.tr\/?s={search_term_string}\"},\"query-input\":{\"@type\":\"PropertyValueSpecification\",\"valueRequired\":true,\"valueName\":\"search_term_string\"}}],\"inLanguage\":\"tr\"},{\"@type\":\"Organization\",\"@id\":\"https:\/\/havatech.com.tr\/#organization\",\"name\":\"Havatech\",\"url\":\"https:\/\/havatech.com.tr\/\",\"logo\":{\"@type\":\"ImageObject\",\"inLanguage\":\"tr\",\"@id\":\"https:\/\/havatech.com.tr\/#\/schema\/logo\/image\/\",\"url\":\"https:\/\/havatech.com.tr\/wp-content\/uploads\/2020\/03\/cropped-logo-havatech-1.png\",\"contentUrl\":\"https:\/\/havatech.com.tr\/wp-content\/uploads\/2020\/03\/cropped-logo-havatech-1.png\",\"width\":160,\"height\":82,\"caption\":\"Havatech\"},\"image\":{\"@id\":\"https:\/\/havatech.com.tr\/#\/schema\/logo\/image\/\"}}]}<\/script>\n<!-- \/ Yoast SEO Premium plugin. -->","yoast_head_json":{"title":"Damaged Baggage Application - Havatech","robots":{"index":"index","follow":"follow","max-snippet":"max-snippet:-1","max-image-preview":"max-image-preview:large","max-video-preview":"max-video-preview:-1"},"canonical":"https:\/\/havatech.com.tr\/tr\/damaged-baggage-application\/","og_locale":"tr_TR","og_type":"article","og_title":"Damaged Baggage Application","og_description":"Havatech Damaged Baggage Application Havatech Damaged Baggage Application Havatech Hasarl\u0131 Bagaj Uygulamas\u0131 havayolu yetkililerine u\u00e7u\u015f s\u0131ras\u0131nda yolcular\u0131n bagaj hasarlar\u0131n\u0131 bildirme ve y\u00f6netme yetkisi verir.\u00a0Uygulamam\u0131z\u0131 kullanarak operat\u00f6rler, yolcular\u0131n taleplerinin raporunu sorunsuz bir \u015fekilde olu\u015fturabilir ve bagaj durumunu denetleyebilir.Her havayolu \u015firketinin hasar t\u00fcr\u00fcn\u00fc belirten benzersiz bir bagaj politikas\u0131 vard\u0131r.\u00a0Havayollar\u0131 tazminat i\u00e7in hasar\u0131n t\u00fcr\u00fcne ve onar\u0131m ve \/ [&hellip;]","og_url":"https:\/\/havatech.com.tr\/tr\/damaged-baggage-application\/","og_site_name":"Havatech","article_modified_time":"2023-01-17T11:21:59+00:00","og_image":[{"url":"https:\/\/havatech.com.tr\/wp-content\/uploads\/2022\/04\/damaged-baggage-page.jpg","type":"","width":"","height":""}],"twitter_card":"summary_large_image","twitter_misc":{"Tahmini okuma s\u00fcresi":"1 dakika"},"schema":{"@context":"https:\/\/schema.org","@graph":[{"@type":"WebPage","@id":"https:\/\/havatech.com.tr\/tr\/damaged-baggage-application\/","url":"https:\/\/havatech.com.tr\/tr\/damaged-baggage-application\/","name":"Damaged Baggage Application - Havatech","isPartOf":{"@id":"https:\/\/havatech.com.tr\/#website"},"primaryImageOfPage":{"@id":"https:\/\/havatech.com.tr\/tr\/damaged-baggage-application\/#primaryimage"},"image":{"@id":"https:\/\/havatech.com.tr\/tr\/damaged-baggage-application\/#primaryimage"},"thumbnailUrl":"https:\/\/havatech.com.tr\/wp-content\/uploads\/2022\/04\/damaged-baggage-page.jpg","datePublished":"2022-04-27T13:19:03+00:00","dateModified":"2023-01-17T11:21:59+00:00","breadcrumb":{"@id":"https:\/\/havatech.com.tr\/tr\/damaged-baggage-application\/#breadcrumb"},"inLanguage":"tr","potentialAction":[{"@type":"ReadAction","target":["https:\/\/havatech.com.tr\/tr\/damaged-baggage-application\/"]}]},{"@type":"ImageObject","inLanguage":"tr","@id":"https:\/\/havatech.com.tr\/tr\/damaged-baggage-application\/#primaryimage","url":"https:\/\/havatech.com.tr\/wp-content\/uploads\/2022\/04\/damaged-baggage-page.jpg","contentUrl":"https:\/\/havatech.com.tr\/wp-content\/uploads\/2022\/04\/damaged-baggage-page.jpg"},{"@type":"BreadcrumbList","@id":"https:\/\/havatech.com.tr\/tr\/damaged-baggage-application\/#breadcrumb","itemListElement":[{"@type":"ListItem","position":1,"name":"Home","item":"https:\/\/havatech.com.tr\/tr\/"},{"@type":"ListItem","position":2,"name":"Damaged Baggage Application"}]},{"@type":"WebSite","@id":"https:\/\/havatech.com.tr\/#website","url":"https:\/\/havatech.com.tr\/","name":"Havatech","description":"A Turkish IT Solution Provider For Aviation Industry","publisher":{"@id":"https:\/\/havatech.com.tr\/#organization"},"potentialAction":[{"@type":"SearchAction","target":{"@type":"EntryPoint","urlTemplate":"https:\/\/havatech.com.tr\/?s={search_term_string}"},"query-input":{"@type":"PropertyValueSpecification","valueRequired":true,"valueName":"search_term_string"}}],"inLanguage":"tr"},{"@type":"Organization","@id":"https:\/\/havatech.com.tr\/#organization","name":"Havatech","url":"https:\/\/havatech.com.tr\/","logo":{"@type":"ImageObject","inLanguage":"tr","@id":"https:\/\/havatech.com.tr\/#\/schema\/logo\/image\/","url":"https:\/\/havatech.com.tr\/wp-content\/uploads\/2020\/03\/cropped-logo-havatech-1.png","contentUrl":"https:\/\/havatech.com.tr\/wp-content\/uploads\/2020\/03\/cropped-logo-havatech-1.png","width":160,"height":82,"caption":"Havatech"},"image":{"@id":"https:\/\/havatech.com.tr\/#\/schema\/logo\/image\/"}}]}},"_links":{"self":[{"href":"https:\/\/havatech.com.tr\/tr\/wp-json\/wp\/v2\/pages\/1582","targetHints":{"allow":["GET"]}}],"collection":[{"href":"https:\/\/havatech.com.tr\/tr\/wp-json\/wp\/v2\/pages"}],"about":[{"href":"https:\/\/havatech.com.tr\/tr\/wp-json\/wp\/v2\/types\/page"}],"author":[{"embeddable":true,"href":"https:\/\/havatech.com.tr\/tr\/wp-json\/wp\/v2\/users\/2"}],"replies":[{"embeddable":true,"href":"https:\/\/havatech.com.tr\/tr\/wp-json\/wp\/v2\/comments?post=1582"}],"version-history":[{"count":5,"href":"https:\/\/havatech.com.tr\/tr\/wp-json\/wp\/v2\/pages\/1582\/revisions"}],"predecessor-version":[{"id":3025,"href":"https:\/\/havatech.com.tr\/tr\/wp-json\/wp\/v2\/pages\/1582\/revisions\/3025"}],"wp:attachment":[{"href":"https:\/\/havatech.com.tr\/tr\/wp-json\/wp\/v2\/media?parent=1582"}],"curies":[{"name":"wp","href":"https:\/\/api.w.org\/{rel}","templated":true}]}}