{"id":1577,"date":"2022-04-27T13:40:46","date_gmt":"2022-04-27T13:40:46","guid":{"rendered":"https:\/\/havatech.com.tr\/bagaj-depolama-uygulamasi\/"},"modified":"2023-01-17T11:07:53","modified_gmt":"2023-01-17T11:07:53","slug":"bagaj-depolama-uygulamasi","status":"publish","type":"page","link":"https:\/\/havatech.com.tr\/tr\/bagaj-depolama-uygulamasi\/","title":{"rendered":"Bagaj Depolama Uygulamas\u0131"},"content":{"rendered":"\t\t<div data-elementor-type=\"wp-page\" data-elementor-id=\"1577\" class=\"elementor elementor-1577\">\n\t\t\t\t\t\t<section class=\"elementor-section elementor-top-section elementor-element elementor-element-5a879907 elementor-section-height-min-height elementor-section-content-middle elementor-section-full_width elementor-section-height-default elementor-section-items-middle\" data-id=\"5a879907\" data-element_type=\"section\" data-settings=\"{&quot;background_background&quot;:&quot;classic&quot;}\">\n\t\t\t\t\t\t\t<div class=\"elementor-background-overlay\"><\/div>\n\t\t\t\t\t\t\t<div class=\"elementor-container elementor-column-gap-no\">\n\t\t\t\t\t<div class=\"aux-parallax-section elementor-column elementor-col-100 elementor-top-column elementor-element elementor-element-7d8a7bea aux-appear-watch-animation aux-fade-in\" data-id=\"7d8a7bea\" data-element_type=\"column\">\n\t\t\t<div class=\"elementor-widget-wrap elementor-element-populated\">\n\t\t\t\t\t\t<div class=\"elementor-element elementor-element-1163a141 aux-appear-watch-animation aux-fade-in-down elementor-widget elementor-widget-aux_modern_heading\" data-id=\"1163a141\" data-element_type=\"widget\" data-widget_type=\"aux_modern_heading.default\">\n\t\t\t\t<div class=\"elementor-widget-container\">\n\t\t\t<section class=\"aux-widget-modern-heading\">\n            <div class=\"aux-widget-inner\"><h2 class=\"aux-modern-heading-primary\"><\/h2><h3 class=\"aux-modern-heading-secondary\"><span class=\"aux-head-before\">Havatech Bagaj Depolama Uygulamas\u0131<\/span><\/h3><\/div>\n        <\/section>\t\t<\/div>\n\t\t\t\t<\/div>\n\t\t\t\t\t<\/div>\n\t\t<\/div>\n\t\t\t\t\t<\/div>\n\t\t<\/section>\n\t\t\t\t<section class=\"elementor-section elementor-top-section elementor-element elementor-element-2ec936ed elementor-section-full_width elementor-section-stretched elementor-section-content-middle elementor-section-height-default elementor-section-height-default\" data-id=\"2ec936ed\" data-element_type=\"section\" data-settings=\"{&quot;stretch_section&quot;:&quot;section-stretched&quot;}\">\n\t\t\t\t\t\t<div class=\"elementor-container elementor-column-gap-default\">\n\t\t\t\t\t<div class=\"aux-parallax-section elementor-column elementor-col-100 elementor-top-column elementor-element elementor-element-c24a363\" data-id=\"c24a363\" data-element_type=\"column\">\n\t\t\t<div class=\"elementor-widget-wrap elementor-element-populated\">\n\t\t\t\t\t\t<section class=\"elementor-section elementor-inner-section elementor-element elementor-element-429e1cc8 elementor-section-boxed elementor-section-height-default elementor-section-height-default\" data-id=\"429e1cc8\" data-element_type=\"section\">\n\t\t\t\t\t\t<div class=\"elementor-container elementor-column-gap-default\">\n\t\t\t\t\t<div class=\"aux-parallax-section elementor-column elementor-col-100 elementor-inner-column elementor-element elementor-element-4d0ebac8\" data-id=\"4d0ebac8\" data-element_type=\"column\">\n\t\t\t<div class=\"elementor-widget-wrap elementor-element-populated\">\n\t\t\t\t\t\t<div class=\"elementor-element elementor-element-7b2b8ae4 aux-appear-watch-animation aux-fade-in-up elementor-widget elementor-widget-aux_modern_heading\" data-id=\"7b2b8ae4\" data-element_type=\"widget\" data-widget_type=\"aux_modern_heading.default\">\n\t\t\t\t<div class=\"elementor-widget-container\">\n\t\t\t<section class=\"aux-widget-modern-heading\">\n            <div class=\"aux-widget-inner\"><h2 class=\"aux-modern-heading-primary\"><\/h2><h2 class=\"aux-modern-heading-secondary\"><span class=\"aux-head-before\">Havatech Bagaj Depolama Uygulamas\u0131<\/span><\/h2><div class=\"aux-modern-heading-divider\"><\/div><\/div>\n        <\/section>\t\t<\/div>\n\t\t\t\t<\/div>\n\t\t\t\t<div class=\"elementor-element elementor-element-f60e55d aux-appear-watch-animation aux-fade-in-up-2 elementor-widget elementor-widget-text-editor\" data-id=\"f60e55d\" data-element_type=\"widget\" data-widget_type=\"text-editor.default\">\n\t\t\t\t<div class=\"elementor-widget-container\">\n\t\t\t\t\t\t\t<p><span class=\"\" title=\"\">Havatech Bagaj Depolama Uygulamas\u0131, havayolu \u015firketlerinin ve yer hizmetlerinin havaalan\u0131nda geciken veya kaybolan bagajlar\u0131 y\u00f6netmesini ve izlemesini sa\u011flamak i\u00e7in tasarlanm\u0131\u015ft\u0131r.<\/span>\u00a0<span class=\"\" title=\"\">Bu bagaj bilgileri, \u00e7anta etiketi taranarak uygulamaya kaydedilebilir.<\/span>\u00a0<span class=\"\" title=\"\">Kullan\u0131c\u0131lar havayolu, \u015fehir ve u\u00e7u\u015f numaras\u0131na g\u00f6re bu bagajlardan farkl\u0131 raporlar \u00e7\u0131karabilirler.<\/span>\u00a0<span class=\"\" title=\"\">Bagaj, ait oldu\u011fu bir yolcuya teslim edildi\u011finde, teslim edilen bagaj\u0131n zaman, tarih, istasyon ve kullan\u0131c\u0131y\u0131 g\u00f6rmek m\u00fcmk\u00fcnd\u00fcr.<\/span><\/p>\t\t\t\t\t\t<\/div>\n\t\t\t\t<\/div>\n\t\t\t\t<div class=\"elementor-element elementor-element-4783ea1 aux-appear-watch-animation aux-fade-in-left-2 elementor-widget elementor-widget-image\" data-id=\"4783ea1\" data-element_type=\"widget\" data-widget_type=\"image.default\">\n\t\t\t\t<div class=\"elementor-widget-container\">\n\t\t\t\t\t\t\t\t\t\t\t\t\t\t<a href=\"https:\/\/havatech.com.tr\/wp-content\/uploads\/2022\/04\/new-luggage-storage-2048x923-1.png\" data-elementor-open-lightbox=\"yes\" data-e-action-hash=\"#elementor-action%3Aaction%3Dlightbox%26settings%3DeyJpZCI6MTU0MiwidXJsIjoiaHR0cHM6XC9cL2hhdmF0ZWNoLmNvbS50clwvd3AtY29udGVudFwvdXBsb2Fkc1wvMjAyMlwvMDRcL25ldy1sdWdnYWdlLXN0b3JhZ2UtMjA0OHg5MjMtMS5wbmcifQ%3D%3D\">\n\t\t\t\t\t\t\t<img fetchpriority=\"high\" decoding=\"async\" width=\"2048\" height=\"923\" src=\"https:\/\/havatech.com.tr\/wp-content\/uploads\/2022\/04\/new-luggage-storage-2048x923-1.png\" class=\"attachment-full size-full wp-image-1542\" alt=\"\" srcset=\"https:\/\/havatech.com.tr\/wp-content\/uploads\/2022\/04\/new-luggage-storage-2048x923-1.png 2048w, https:\/\/havatech.com.tr\/wp-content\/uploads\/2022\/04\/new-luggage-storage-2048x923-1-1536x692.png 1536w\" sizes=\"(max-width: 2048px) 100vw, 2048px\" \/>\t\t\t\t\t\t\t\t<\/a>\n\t\t\t\t\t\t\t\t\t\t\t\t\t<\/div>\n\t\t\t\t<\/div>\n\t\t\t\t\t<\/div>\n\t\t<\/div>\n\t\t\t\t\t<\/div>\n\t\t<\/section>\n\t\t\t\t\t<\/div>\n\t\t<\/div>\n\t\t\t\t\t<\/div>\n\t\t<\/section>\n\t\t\t\t<section class=\"elementor-section elementor-top-section elementor-element elementor-element-12c3890a elementor-section-content-top elementor-section-full_width elementor-section-height-default elementor-section-height-default\" data-id=\"12c3890a\" data-element_type=\"section\" id=\"about\" data-settings=\"{&quot;background_background&quot;:&quot;classic&quot;}\">\n\t\t\t\t\t\t<div class=\"elementor-container elementor-column-gap-default\">\n\t\t\t\t\t<div class=\"aux-parallax-section elementor-column elementor-col-100 elementor-top-column elementor-element elementor-element-215e3461\" data-id=\"215e3461\" data-element_type=\"column\" data-settings=\"{&quot;background_background&quot;:&quot;classic&quot;}\">\n\t\t\t<div class=\"elementor-widget-wrap elementor-element-populated\">\n\t\t\t\t\t\t<div class=\"elementor-element elementor-element-2c8c0e05 aux-appear-watch-animation aux-fade-in-up elementor-widget elementor-widget-aux_modern_heading\" data-id=\"2c8c0e05\" data-element_type=\"widget\" data-widget_type=\"aux_modern_heading.default\">\n\t\t\t\t<div class=\"elementor-widget-container\">\n\t\t\t<section class=\"aux-widget-modern-heading\">\n            <div class=\"aux-widget-inner\"><h2 class=\"aux-modern-heading-primary\"><\/h2><h2 class=\"aux-modern-heading-secondary\"><span class=\"aux-head-before\">\u00d6zellikleri<\/span><\/h2><div class=\"aux-modern-heading-divider\"><\/div><\/div>\n        <\/section>\t\t<\/div>\n\t\t\t\t<\/div>\n\t\t\t\t<div class=\"elementor-element elementor-element-9217712 aux-appear-watch-animation aux-fade-in-right elementor-widget elementor-widget-aux_icon_list\" data-id=\"9217712\" data-element_type=\"widget\" data-widget_type=\"aux_icon_list.default\">\n\t\t\t\t<div class=\"elementor-widget-container\">\n\t\t\t<section class=\"widget-container aux-widget-icon-list aux-parent-au74d20942\" style=\"\" ><div class=\"widget-inner\"><div class=\"aux-widget-icon-list-inner\"><ul class=\"aux-icon-list-items aux-direction-default\" ><li class=\"aux-icon-list-item aux-list-item-has-icon aux-icon-list-item-b59a7c6 elementor-repeater-item-b59a7c6\" ><span class=\"aux-icon-list-icon auxicon-primitive-dot\" ><\/span><span class=\"aux-icon-list-text\" >Depolamaya giri\u015f \/ \u00e7\u0131k\u0131\u015f i\u00e7in kolay ve h\u0131zl\u0131 kullan\u0131m sa\u011flama<\/span><\/li><li class=\"aux-icon-list-item aux-list-item-has-icon aux-icon-list-item-3eaf636 elementor-repeater-item-3eaf636\" ><span class=\"aux-icon-list-icon auxicon-primitive-dot\" ><\/span><span class=\"aux-icon-list-text\" >Her zaman her yerde bagaj durumuna ili\u015fkin ger\u00e7ek zamanl\u0131 bilgi edinin<\/span><\/li><li class=\"aux-icon-list-item aux-list-item-has-icon aux-icon-list-item-128aa5f elementor-repeater-item-128aa5f\" ><span class=\"aux-icon-list-icon auxicon-primitive-dot\" ><\/span><span class=\"aux-icon-list-text\" >Uygulama kullan\u0131m kolayl\u0131\u011f\u0131<\/span><\/li><li class=\"aux-icon-list-item aux-list-item-has-icon aux-icon-list-item-13de32d elementor-repeater-item-13de32d\" ><span class=\"aux-icon-list-icon auxicon-primitive-dot\" ><\/span><span class=\"aux-icon-list-text\" >Her istasyon i\u00e7in depolama alan\u0131ndan \u00f6zel ve \u00e7e\u015fitli raporlar<\/span><\/li><li class=\"aux-icon-list-item aux-list-item-has-icon aux-icon-list-item-77b040f elementor-repeater-item-77b040f\" ><span class=\"aux-icon-list-icon auxicon-primitive-dot\" ><\/span><span class=\"aux-icon-list-text\" >Tablet PC, ak\u0131ll\u0131 telefon vb. ilgili panelden verilere eri\u015fim<\/span><\/li><\/ul><\/div><\/div><\/section><!-- widget-container -->\t\t<\/div>\n\t\t\t\t<\/div>\n\t\t\t\t\t<\/div>\n\t\t<\/div>\n\t\t\t\t\t<\/div>\n\t\t<\/section>\n\t\t\t\t<section class=\"elementor-section elementor-top-section elementor-element elementor-element-25e0447d elementor-section-stretched aux-app-download-section elementor-section-boxed elementor-section-height-default elementor-section-height-default\" data-id=\"25e0447d\" data-element_type=\"section\" id=\"download\" data-settings=\"{&quot;stretch_section&quot;:&quot;section-stretched&quot;,&quot;background_background&quot;:&quot;classic&quot;}\">\n\t\t\t\t\t\t<div class=\"elementor-container elementor-column-gap-default\">\n\t\t\t\t\t<div class=\"aux-parallax-section elementor-column elementor-col-100 elementor-top-column elementor-element elementor-element-35b3d86e\" data-id=\"35b3d86e\" data-element_type=\"column\" data-settings=\"{&quot;background_background&quot;:&quot;classic&quot;}\">\n\t\t\t<div class=\"elementor-widget-wrap elementor-element-populated\">\n\t\t\t\t\t\t<div class=\"elementor-element elementor-element-6ca746c0 aux-appear-watch-animation aux-fade-in-up elementor-widget elementor-widget-aux_modern_heading\" data-id=\"6ca746c0\" data-element_type=\"widget\" data-widget_type=\"aux_modern_heading.default\">\n\t\t\t\t<div class=\"elementor-widget-container\">\n\t\t\t<section class=\"aux-widget-modern-heading\">\n            <div class=\"aux-widget-inner\"><h2 class=\"aux-modern-heading-primary\"><\/h2><h2 class=\"aux-modern-heading-secondary\"><span class=\"aux-head-before\">Havatech Bagaj Depolama Katalo\u011fu ve Mobil Uygulamas\u0131n\u0131 \u0130ndirin<\/span><\/h2><div class=\"aux-modern-heading-divider\"><\/div><\/div>\n        <\/section>\t\t<\/div>\n\t\t\t\t<\/div>\n\t\t\t\t<section class=\"elementor-section elementor-inner-section elementor-element elementor-element-2b5bcd8 aux-appear-watch-animation aux-fade-in-left-1 elementor-section-boxed elementor-section-height-default elementor-section-height-default\" data-id=\"2b5bcd8\" data-element_type=\"section\">\n\t\t\t\t\t\t<div class=\"elementor-container elementor-column-gap-default\">\n\t\t\t\t\t<div class=\"aux-parallax-section elementor-column elementor-col-33 elementor-inner-column elementor-element elementor-element-33808e7\" data-id=\"33808e7\" data-element_type=\"column\">\n\t\t\t<div class=\"elementor-widget-wrap elementor-element-populated\">\n\t\t\t\t\t\t<div class=\"elementor-element elementor-element-325d6536 elementor-widget__width-auto elementor-widget elementor-widget-aux_modern_button\" data-id=\"325d6536\" data-element_type=\"widget\" data-widget_type=\"aux_modern_button.default\">\n\t\t\t\t<div class=\"elementor-widget-container\">\n\t\t\t    <div class=\"aux-modern-button-wrapper aux-modern-button-align-left\" >\n                    <a class=\"aux-modern-button aux-white aux-modern-button-md aux-modern-button-curve aux-modern-button-outline aux-icon-left\" href=\"https:\/\/apps.apple.com\/us\/app\/luggage-storage\/id1543937456\" target=\"_blank\">\n                <div class=\"aux-overlay\"><\/div>\n                                    <div class=\"aux-icon \">\n                        <i aria-hidden=\"true\" class=\"fab fa-app-store-ios\"><\/i>                    <\/div>\n                                <div class=\"aux-text\">\n<span class=\"aux-text-before\">Apple Store<\/span>                <\/div>\n            <\/a>\n            \n    <\/div>\n\n    \t\t<\/div>\n\t\t\t\t<\/div>\n\t\t\t\t\t<\/div>\n\t\t<\/div>\n\t\t\t\t<div class=\"aux-parallax-section elementor-column elementor-col-33 elementor-inner-column elementor-element elementor-element-1d108c4\" data-id=\"1d108c4\" data-element_type=\"column\">\n\t\t\t<div class=\"elementor-widget-wrap elementor-element-populated\">\n\t\t\t\t\t\t<div class=\"elementor-element elementor-element-22c672ca elementor-widget__width-auto elementor-widget elementor-widget-aux_modern_button\" data-id=\"22c672ca\" data-element_type=\"widget\" data-widget_type=\"aux_modern_button.default\">\n\t\t\t\t<div class=\"elementor-widget-container\">\n\t\t\t    <div class=\"aux-modern-button-wrapper aux-modern-button-align-left\" >\n                    <a class=\"aux-modern-button aux-white aux-modern-button-md aux-modern-button-curve aux-modern-button-outline aux-icon-left\" href=\"https:\/\/play.google.com\/store\/apps\/details?id=com.havatech.luggagestorage&#038;gl=TR\" target=\"_blank\">\n                <div class=\"aux-overlay\"><\/div>\n                                    <div class=\"aux-icon \">\n                        <i aria-hidden=\"true\" class=\"fab fa-google-play\"><\/i>                    <\/div>\n                                <div class=\"aux-text\">\n<span class=\"aux-text-before\">Google Play<\/span>                <\/div>\n            <\/a>\n            \n    <\/div>\n\n    \t\t<\/div>\n\t\t\t\t<\/div>\n\t\t\t\t\t<\/div>\n\t\t<\/div>\n\t\t\t\t<div class=\"aux-parallax-section elementor-column elementor-col-33 elementor-inner-column elementor-element elementor-element-36e7085\" data-id=\"36e7085\" data-element_type=\"column\">\n\t\t\t<div class=\"elementor-widget-wrap elementor-element-populated\">\n\t\t\t\t\t\t<div class=\"elementor-element elementor-element-f71bd17 elementor-widget__width-auto elementor-widget elementor-widget-aux_modern_button\" data-id=\"f71bd17\" data-element_type=\"widget\" data-widget_type=\"aux_modern_button.default\">\n\t\t\t\t<div class=\"elementor-widget-container\">\n\t\t\t    <div class=\"aux-modern-button-wrapper aux-modern-button-align-left\" >\n                    <a class=\"aux-modern-button aux-white aux-modern-button-md aux-modern-button-curve aux-modern-button-outline aux-icon-left\" href=\"https:\/\/havatech.com.tr\/wp-content\/uploads\/2022\/05\/Havatech-Baggage-Storage-Application.pdf\" target=\"_blank\">\n                <div class=\"aux-overlay\"><\/div>\n                                    <div class=\"aux-icon \">\n                        <i aria-hidden=\"true\" class=\"fas fa-file-pdf\"><\/i>                    <\/div>\n                                <div class=\"aux-text\">\n<span class=\"aux-text-before\">Download Catalogue<\/span>                <\/div>\n            <\/a>\n            \n    <\/div>\n\n    \t\t<\/div>\n\t\t\t\t<\/div>\n\t\t\t\t\t<\/div>\n\t\t<\/div>\n\t\t\t\t\t<\/div>\n\t\t<\/section>\n\t\t\t\t\t<\/div>\n\t\t<\/div>\n\t\t\t\t\t<\/div>\n\t\t<\/section>\n\t\t\t\t<\/div>\n\t\t","protected":false},"excerpt":{"rendered":"<p>Havatech Bagaj Depolama Uygulamas\u0131 Havatech Bagaj Depolama Uygulamas\u0131 Havatech Bagaj Depolama Uygulamas\u0131, havayolu \u015firketlerinin ve yer hizmetlerinin havaalan\u0131nda geciken veya kaybolan bagajlar\u0131 y\u00f6netmesini ve izlemesini sa\u011flamak i\u00e7in tasarlanm\u0131\u015ft\u0131r.\u00a0Bu bagaj bilgileri, \u00e7anta etiketi taranarak uygulamaya kaydedilebilir.\u00a0Kullan\u0131c\u0131lar havayolu, \u015fehir ve u\u00e7u\u015f numaras\u0131na g\u00f6re bu bagajlardan farkl\u0131 raporlar \u00e7\u0131karabilirler.\u00a0Bagaj, ait oldu\u011fu bir yolcuya teslim edildi\u011finde, teslim edilen bagaj\u0131n [&hellip;]<\/p>\n","protected":false},"author":2,"featured_media":0,"parent":0,"menu_order":0,"comment_status":"closed","ping_status":"closed","template":"","meta":{"footnotes":""},"class_list":["post-1577","page","type-page","status-publish","hentry"],"yoast_head":"<!-- This site is optimized with the Yoast SEO Premium plugin v19.2.1 (Yoast SEO v24.0) - https:\/\/yoast.com\/wordpress\/plugins\/seo\/ -->\n<title>Bagaj Depolama Uygulamas\u0131 - Havatech<\/title>\n<meta name=\"robots\" content=\"index, follow, max-snippet:-1, max-image-preview:large, max-video-preview:-1\" \/>\n<link rel=\"canonical\" href=\"https:\/\/havatech.com.tr\/baggage-storage-application\/\" \/>\n<meta property=\"og:locale\" content=\"tr_TR\" \/>\n<meta property=\"og:type\" content=\"article\" \/>\n<meta property=\"og:title\" content=\"Bagaj Depolama Uygulamas\u0131\" \/>\n<meta property=\"og:description\" content=\"Havatech Bagaj Depolama Uygulamas\u0131 Havatech Bagaj Depolama Uygulamas\u0131 Havatech Bagaj Depolama Uygulamas\u0131, havayolu \u015firketlerinin ve yer hizmetlerinin havaalan\u0131nda geciken veya kaybolan bagajlar\u0131 y\u00f6netmesini ve izlemesini sa\u011flamak i\u00e7in tasarlanm\u0131\u015ft\u0131r.\u00a0Bu bagaj bilgileri, \u00e7anta etiketi taranarak uygulamaya kaydedilebilir.\u00a0Kullan\u0131c\u0131lar havayolu, \u015fehir ve u\u00e7u\u015f numaras\u0131na g\u00f6re bu bagajlardan farkl\u0131 raporlar \u00e7\u0131karabilirler.\u00a0Bagaj, ait oldu\u011fu bir yolcuya teslim edildi\u011finde, teslim edilen bagaj\u0131n [&hellip;]\" \/>\n<meta property=\"og:url\" content=\"https:\/\/havatech.com.tr\/baggage-storage-application\/\" \/>\n<meta property=\"og:site_name\" content=\"Havatech\" \/>\n<meta property=\"article:modified_time\" content=\"2023-01-17T11:07:53+00:00\" \/>\n<meta property=\"og:image\" content=\"https:\/\/havatech.com.tr\/wp-content\/uploads\/2022\/04\/new-luggage-storage-2048x923-1.png\" \/>\n<meta name=\"twitter:card\" content=\"summary_large_image\" \/>\n<meta name=\"twitter:label1\" content=\"Tahmini okuma s\u00fcresi\" \/>\n\t<meta name=\"twitter:data1\" content=\"1 dakika\" \/>\n<script type=\"application\/ld+json\" class=\"yoast-schema-graph\">{\"@context\":\"https:\/\/schema.org\",\"@graph\":[{\"@type\":\"WebPage\",\"@id\":\"https:\/\/havatech.com.tr\/baggage-storage-application\/\",\"url\":\"https:\/\/havatech.com.tr\/baggage-storage-application\/\",\"name\":\"Bagaj Depolama Uygulamas\u0131 - Havatech\",\"isPartOf\":{\"@id\":\"https:\/\/havatech.com.tr\/#website\"},\"primaryImageOfPage\":{\"@id\":\"https:\/\/havatech.com.tr\/baggage-storage-application\/#primaryimage\"},\"image\":{\"@id\":\"https:\/\/havatech.com.tr\/baggage-storage-application\/#primaryimage\"},\"thumbnailUrl\":\"https:\/\/havatech.com.tr\/wp-content\/uploads\/2022\/04\/new-luggage-storage-2048x923-1.png\",\"datePublished\":\"2022-04-27T13:40:46+00:00\",\"dateModified\":\"2023-01-17T11:07:53+00:00\",\"breadcrumb\":{\"@id\":\"https:\/\/havatech.com.tr\/baggage-storage-application\/#breadcrumb\"},\"inLanguage\":\"tr\",\"potentialAction\":[{\"@type\":\"ReadAction\",\"target\":[\"https:\/\/havatech.com.tr\/baggage-storage-application\/\"]}]},{\"@type\":\"ImageObject\",\"inLanguage\":\"tr\",\"@id\":\"https:\/\/havatech.com.tr\/baggage-storage-application\/#primaryimage\",\"url\":\"https:\/\/havatech.com.tr\/wp-content\/uploads\/2022\/04\/new-luggage-storage-2048x923-1.png\",\"contentUrl\":\"https:\/\/havatech.com.tr\/wp-content\/uploads\/2022\/04\/new-luggage-storage-2048x923-1.png\"},{\"@type\":\"BreadcrumbList\",\"@id\":\"https:\/\/havatech.com.tr\/baggage-storage-application\/#breadcrumb\",\"itemListElement\":[{\"@type\":\"ListItem\",\"position\":1,\"name\":\"Home\",\"item\":\"https:\/\/havatech.com.tr\/tr\/\"},{\"@type\":\"ListItem\",\"position\":2,\"name\":\"Bagaj Depolama Uygulamas\u0131\"}]},{\"@type\":\"WebSite\",\"@id\":\"https:\/\/havatech.com.tr\/#website\",\"url\":\"https:\/\/havatech.com.tr\/\",\"name\":\"Havatech\",\"description\":\"A Turkish IT Solution Provider For Aviation Industry\",\"publisher\":{\"@id\":\"https:\/\/havatech.com.tr\/#organization\"},\"potentialAction\":[{\"@type\":\"SearchAction\",\"target\":{\"@type\":\"EntryPoint\",\"urlTemplate\":\"https:\/\/havatech.com.tr\/?s={search_term_string}\"},\"query-input\":{\"@type\":\"PropertyValueSpecification\",\"valueRequired\":true,\"valueName\":\"search_term_string\"}}],\"inLanguage\":\"tr\"},{\"@type\":\"Organization\",\"@id\":\"https:\/\/havatech.com.tr\/#organization\",\"name\":\"Havatech\",\"url\":\"https:\/\/havatech.com.tr\/\",\"logo\":{\"@type\":\"ImageObject\",\"inLanguage\":\"tr\",\"@id\":\"https:\/\/havatech.com.tr\/#\/schema\/logo\/image\/\",\"url\":\"https:\/\/havatech.com.tr\/wp-content\/uploads\/2020\/03\/cropped-logo-havatech-1.png\",\"contentUrl\":\"https:\/\/havatech.com.tr\/wp-content\/uploads\/2020\/03\/cropped-logo-havatech-1.png\",\"width\":160,\"height\":82,\"caption\":\"Havatech\"},\"image\":{\"@id\":\"https:\/\/havatech.com.tr\/#\/schema\/logo\/image\/\"}}]}<\/script>\n<!-- \/ Yoast SEO Premium plugin. -->","yoast_head_json":{"title":"Bagaj Depolama Uygulamas\u0131 - Havatech","robots":{"index":"index","follow":"follow","max-snippet":"max-snippet:-1","max-image-preview":"max-image-preview:large","max-video-preview":"max-video-preview:-1"},"canonical":"https:\/\/havatech.com.tr\/baggage-storage-application\/","og_locale":"tr_TR","og_type":"article","og_title":"Bagaj Depolama Uygulamas\u0131","og_description":"Havatech Bagaj Depolama Uygulamas\u0131 Havatech Bagaj Depolama Uygulamas\u0131 Havatech Bagaj Depolama Uygulamas\u0131, havayolu \u015firketlerinin ve yer hizmetlerinin havaalan\u0131nda geciken veya kaybolan bagajlar\u0131 y\u00f6netmesini ve izlemesini sa\u011flamak i\u00e7in tasarlanm\u0131\u015ft\u0131r.\u00a0Bu bagaj bilgileri, \u00e7anta etiketi taranarak uygulamaya kaydedilebilir.\u00a0Kullan\u0131c\u0131lar havayolu, \u015fehir ve u\u00e7u\u015f numaras\u0131na g\u00f6re bu bagajlardan farkl\u0131 raporlar \u00e7\u0131karabilirler.\u00a0Bagaj, ait oldu\u011fu bir yolcuya teslim edildi\u011finde, teslim edilen bagaj\u0131n [&hellip;]","og_url":"https:\/\/havatech.com.tr\/baggage-storage-application\/","og_site_name":"Havatech","article_modified_time":"2023-01-17T11:07:53+00:00","og_image":[{"url":"https:\/\/havatech.com.tr\/wp-content\/uploads\/2022\/04\/new-luggage-storage-2048x923-1.png","type":"","width":"","height":""}],"twitter_card":"summary_large_image","twitter_misc":{"Tahmini okuma s\u00fcresi":"1 dakika"},"schema":{"@context":"https:\/\/schema.org","@graph":[{"@type":"WebPage","@id":"https:\/\/havatech.com.tr\/baggage-storage-application\/","url":"https:\/\/havatech.com.tr\/baggage-storage-application\/","name":"Bagaj Depolama Uygulamas\u0131 - Havatech","isPartOf":{"@id":"https:\/\/havatech.com.tr\/#website"},"primaryImageOfPage":{"@id":"https:\/\/havatech.com.tr\/baggage-storage-application\/#primaryimage"},"image":{"@id":"https:\/\/havatech.com.tr\/baggage-storage-application\/#primaryimage"},"thumbnailUrl":"https:\/\/havatech.com.tr\/wp-content\/uploads\/2022\/04\/new-luggage-storage-2048x923-1.png","datePublished":"2022-04-27T13:40:46+00:00","dateModified":"2023-01-17T11:07:53+00:00","breadcrumb":{"@id":"https:\/\/havatech.com.tr\/baggage-storage-application\/#breadcrumb"},"inLanguage":"tr","potentialAction":[{"@type":"ReadAction","target":["https:\/\/havatech.com.tr\/baggage-storage-application\/"]}]},{"@type":"ImageObject","inLanguage":"tr","@id":"https:\/\/havatech.com.tr\/baggage-storage-application\/#primaryimage","url":"https:\/\/havatech.com.tr\/wp-content\/uploads\/2022\/04\/new-luggage-storage-2048x923-1.png","contentUrl":"https:\/\/havatech.com.tr\/wp-content\/uploads\/2022\/04\/new-luggage-storage-2048x923-1.png"},{"@type":"BreadcrumbList","@id":"https:\/\/havatech.com.tr\/baggage-storage-application\/#breadcrumb","itemListElement":[{"@type":"ListItem","position":1,"name":"Home","item":"https:\/\/havatech.com.tr\/tr\/"},{"@type":"ListItem","position":2,"name":"Bagaj Depolama Uygulamas\u0131"}]},{"@type":"WebSite","@id":"https:\/\/havatech.com.tr\/#website","url":"https:\/\/havatech.com.tr\/","name":"Havatech","description":"A Turkish IT Solution Provider For Aviation Industry","publisher":{"@id":"https:\/\/havatech.com.tr\/#organization"},"potentialAction":[{"@type":"SearchAction","target":{"@type":"EntryPoint","urlTemplate":"https:\/\/havatech.com.tr\/?s={search_term_string}"},"query-input":{"@type":"PropertyValueSpecification","valueRequired":true,"valueName":"search_term_string"}}],"inLanguage":"tr"},{"@type":"Organization","@id":"https:\/\/havatech.com.tr\/#organization","name":"Havatech","url":"https:\/\/havatech.com.tr\/","logo":{"@type":"ImageObject","inLanguage":"tr","@id":"https:\/\/havatech.com.tr\/#\/schema\/logo\/image\/","url":"https:\/\/havatech.com.tr\/wp-content\/uploads\/2020\/03\/cropped-logo-havatech-1.png","contentUrl":"https:\/\/havatech.com.tr\/wp-content\/uploads\/2020\/03\/cropped-logo-havatech-1.png","width":160,"height":82,"caption":"Havatech"},"image":{"@id":"https:\/\/havatech.com.tr\/#\/schema\/logo\/image\/"}}]}},"_links":{"self":[{"href":"https:\/\/havatech.com.tr\/tr\/wp-json\/wp\/v2\/pages\/1577","targetHints":{"allow":["GET"]}}],"collection":[{"href":"https:\/\/havatech.com.tr\/tr\/wp-json\/wp\/v2\/pages"}],"about":[{"href":"https:\/\/havatech.com.tr\/tr\/wp-json\/wp\/v2\/types\/page"}],"author":[{"embeddable":true,"href":"https:\/\/havatech.com.tr\/tr\/wp-json\/wp\/v2\/users\/2"}],"replies":[{"embeddable":true,"href":"https:\/\/havatech.com.tr\/tr\/wp-json\/wp\/v2\/comments?post=1577"}],"version-history":[{"count":5,"href":"https:\/\/havatech.com.tr\/tr\/wp-json\/wp\/v2\/pages\/1577\/revisions"}],"predecessor-version":[{"id":3017,"href":"https:\/\/havatech.com.tr\/tr\/wp-json\/wp\/v2\/pages\/1577\/revisions\/3017"}],"wp:attachment":[{"href":"https:\/\/havatech.com.tr\/tr\/wp-json\/wp\/v2\/media?parent=1577"}],"curies":[{"name":"wp","href":"https:\/\/api.w.org\/{rel}","templated":true}]}}