{"id":1126,"date":"2019-01-09T07:58:29","date_gmt":"2019-01-09T07:58:29","guid":{"rendered":"https:\/\/havatech.com.tr\/iletisim\/"},"modified":"2022-09-02T14:39:55","modified_gmt":"2022-09-02T14:39:55","slug":"iletisim","status":"publish","type":"page","link":"https:\/\/havatech.com.tr\/tr\/iletisim\/","title":{"rendered":"\u0130leti\u015fim"},"content":{"rendered":"\t\t<div data-elementor-type=\"wp-post\" data-elementor-id=\"1126\" class=\"elementor elementor-1126\">\n\t\t\t\t\t\t<section class=\"elementor-section elementor-top-section elementor-element elementor-element-c4f5b2f elementor-section-full_width elementor-section-height-default elementor-section-height-default\" data-id=\"c4f5b2f\" data-element_type=\"section\">\n\t\t\t\t\t\t<div class=\"elementor-container elementor-column-gap-default\">\n\t\t\t\t\t<div class=\"aux-parallax-section elementor-column elementor-col-50 elementor-top-column elementor-element elementor-element-dad8a3a\" data-id=\"dad8a3a\" data-element_type=\"column\">\n\t\t\t<div class=\"elementor-widget-wrap elementor-element-populated\">\n\t\t\t\t\t\t<div class=\"elementor-element elementor-element-a7c6078 aux-appear-watch-animation aux-fade-in-up elementor-widget elementor-widget-aux_modern_heading\" data-id=\"a7c6078\" data-element_type=\"widget\" data-widget_type=\"aux_modern_heading.default\">\n\t\t\t\t<div class=\"elementor-widget-container\">\n\t\t\t<section class=\"aux-widget-modern-heading\">\n            <div class=\"aux-widget-inner\"><div class=\"aux-modern-heading-divider\"><\/div><h2 class=\"aux-modern-heading-primary\">\u0130leti\u015fim<\/h2><h3 class=\"aux-modern-heading-secondary\"><span class=\"aux-head-before\">\u0130leti\u015fim Formu<\/span><\/h3><\/div>\n        <\/section>\t\t<\/div>\n\t\t\t\t<\/div>\n\t\t\t\t<div class=\"elementor-element elementor-element-97cf1fa aux-appear-watch-animation aux-fade-in-up elementor-widget elementor-widget-aux_contact_form\" data-id=\"97cf1fa\" data-element_type=\"widget\" data-widget_type=\"aux_contact_form.default\">\n\t\t\t\t<div class=\"elementor-widget-container\">\n\t\t\t<section class=\"widget-container aux-widget-contact-form aux-parent-au9220132d\">            <div class=\"aux-col-wrapper aux-no-gutter\">\n            <!-- @TODO - The output for element here -->\n\n            \n<div class=\"wpcf7 no-js\" id=\"wpcf7-f2397-o1\" lang=\"en-US\" dir=\"ltr\" data-wpcf7-id=\"2397\">\n<div class=\"screen-reader-response\"><p role=\"status\" aria-live=\"polite\" aria-atomic=\"true\"><\/p> <ul><\/ul><\/div>\n<form action=\"\/tr\/wp-json\/wp\/v2\/pages\/1126#wpcf7-f2397-o1\" method=\"post\" class=\"wpcf7-form init\" aria-label=\"Contact form\" novalidate=\"novalidate\" data-status=\"init\">\n<div style=\"display: none;\">\n<input type=\"hidden\" name=\"_wpcf7\" value=\"2397\" \/>\n<input type=\"hidden\" name=\"_wpcf7_version\" value=\"6.0.1\" \/>\n<input type=\"hidden\" name=\"_wpcf7_locale\" value=\"en_US\" \/>\n<input type=\"hidden\" name=\"_wpcf7_unit_tag\" value=\"wpcf7-f2397-o1\" \/>\n<input type=\"hidden\" name=\"_wpcf7_container_post\" value=\"0\" \/>\n<input type=\"hidden\" name=\"_wpcf7_posted_data_hash\" value=\"\" \/>\n<\/div>\n<p><label> \u0130sminiz<br \/>\n<span class=\"wpcf7-form-control-wrap\" data-name=\"Name\"><input size=\"40\" maxlength=\"400\" class=\"wpcf7-form-control wpcf7-text wpcf7-validates-as-required\" aria-required=\"true\" aria-invalid=\"false\" value=\"\" type=\"text\" name=\"Name\" \/><\/span> <\/label>\n<\/p>\n<p><label> e-posta<br \/>\n<span class=\"wpcf7-form-control-wrap\" data-name=\"email\"><input size=\"40\" maxlength=\"400\" class=\"wpcf7-form-control wpcf7-email wpcf7-validates-as-required wpcf7-text wpcf7-validates-as-email\" aria-required=\"true\" aria-invalid=\"false\" value=\"\" type=\"email\" name=\"email\" \/><\/span> <\/label>\n<\/p>\n<p><label> Konu<br \/>\n<span class=\"wpcf7-form-control-wrap\" data-name=\"Subject\"><input size=\"40\" maxlength=\"400\" class=\"wpcf7-form-control wpcf7-text wpcf7-validates-as-required\" aria-required=\"true\" aria-invalid=\"false\" value=\"\" type=\"text\" name=\"Subject\" \/><\/span><\/label>\n<\/p>\n<p><label> Mesaj\u0131n\u0131z<br \/>\n<span class=\"wpcf7-form-control-wrap\" data-name=\"Message\"><textarea cols=\"40\" rows=\"10\" maxlength=\"2000\" class=\"wpcf7-form-control wpcf7-textarea\" aria-invalid=\"false\" name=\"Message\"><\/textarea><\/span><\/label>\n<\/p>\n<p><input class=\"wpcf7-form-control wpcf7-submit has-spinner\" type=\"submit\" value=\"G\u00f6nder\" \/>\n<\/p><input type='hidden' class='wpcf7-pum' value='{\"closepopup\":false,\"closedelay\":0,\"openpopup\":false,\"openpopup_id\":0}' \/><div class=\"wpcf7-response-output\" aria-hidden=\"true\"><\/div>\n<\/form>\n<\/div>\n\n\n            <\/div><!-- aux-col-wrapper -->\n    <\/section><!-- widget-container -->\t\t<\/div>\n\t\t\t\t<\/div>\n\t\t\t\t\t<\/div>\n\t\t<\/div>\n\t\t\t\t<div class=\"aux-parallax-section elementor-column elementor-col-50 elementor-top-column elementor-element elementor-element-640a6b7\" data-id=\"640a6b7\" data-element_type=\"column\">\n\t\t\t<div class=\"elementor-widget-wrap elementor-element-populated\">\n\t\t\t\t\t\t<div class=\"elementor-element elementor-element-16291cb elementor-widget elementor-widget-html\" data-id=\"16291cb\" data-element_type=\"widget\" data-widget_type=\"html.default\">\n\t\t\t\t<div class=\"elementor-widget-container\">\n\t\t\t<iframe style=\"border: 0;\" src=\"https:\/\/www.google.com\/maps\/embed?pb=!1m18!1m12!1m3!1d473.66316987063595!2d28.672906999999988!3d41.056686!2m3!1f0!2f0!3f0!3m2!1i1024!2i768!4f13.1!3m3!1m2!1s0x14b558a080ac84d5%3A0xf6436f3f6b97a301!2sEsenkent+Mahallesi%2C+Kemal+Sunal+Sk.+No%3A6%2C+34510+Esenyurt%2F%C4%B0stanbul%2C+Turkey!5e0!3m2!1sen!2sid!4v1558095682251!5m2!1sen!2sid\" width=\"100%\" height=\"450\" frameborder=\"0\" allowfullscreen=\"allowfullscreen\"><\/iframe>\t\t<\/div>\n\t\t\t\t<\/div>\n\t\t\t\t\t<\/div>\n\t\t<\/div>\n\t\t\t\t\t<\/div>\n\t\t<\/section>\n\t\t\t\t<section class=\"elementor-section elementor-top-section elementor-element elementor-element-b689161 elementor-section-boxed elementor-section-height-default elementor-section-height-default\" data-id=\"b689161\" data-element_type=\"section\">\n\t\t\t\t\t\t<div class=\"elementor-container elementor-column-gap-default\">\n\t\t\t\t\t<div class=\"aux-parallax-section elementor-column elementor-col-100 elementor-top-column elementor-element elementor-element-8742fee\" data-id=\"8742fee\" data-element_type=\"column\">\n\t\t\t<div class=\"elementor-widget-wrap elementor-element-populated\">\n\t\t\t\t\t\t<section class=\"elementor-section elementor-inner-section elementor-element elementor-element-b60e5a3 elementor-section-boxed elementor-section-height-default elementor-section-height-default\" data-id=\"b60e5a3\" data-element_type=\"section\">\n\t\t\t\t\t\t<div class=\"elementor-container elementor-column-gap-wide\">\n\t\t\t\t\t<div class=\"aux-parallax-section elementor-column elementor-col-33 elementor-inner-column elementor-element elementor-element-288bcbb aux-appear-watch-animation aux-fade-in-right\" data-id=\"288bcbb\" data-element_type=\"column\" data-settings=\"{&quot;background_background&quot;:&quot;gradient&quot;}\">\n\t\t\t<div class=\"elementor-widget-wrap elementor-element-populated\">\n\t\t\t\t\t\t<div class=\"elementor-element elementor-element-c9326ba elementor-widget elementor-widget-aux_modern_heading\" data-id=\"c9326ba\" data-element_type=\"widget\" data-widget_type=\"aux_modern_heading.default\">\n\t\t\t\t<div class=\"elementor-widget-container\">\n\t\t\t<section class=\"aux-widget-modern-heading\">\n            <div class=\"aux-widget-inner\"><h6 class=\"aux-modern-heading-primary\">Address\n\n<\/h6><div class=\"aux-modern-heading-divider\"><\/div><h3 class=\"aux-modern-heading-secondary\"><span class=\"aux-head-before\">A\u015f\u0131k Veysel Mahallesi Kemal Sunal Sokak Semerkand Residance Kat:9 Daire:70 Esenkent-Esenyurt\/\u0130stanbul<\/span><\/h3><\/div>\n        <\/section>\t\t<\/div>\n\t\t\t\t<\/div>\n\t\t\t\t\t<\/div>\n\t\t<\/div>\n\t\t\t\t<div class=\"aux-parallax-section elementor-column elementor-col-33 elementor-inner-column elementor-element elementor-element-1ae2bea aux-appear-watch-animation aux-fade-in-right\" data-id=\"1ae2bea\" data-element_type=\"column\" data-settings=\"{&quot;background_background&quot;:&quot;gradient&quot;}\">\n\t\t\t<div class=\"elementor-widget-wrap elementor-element-populated\">\n\t\t\t\t\t\t<div class=\"elementor-element elementor-element-580ec72 elementor-widget elementor-widget-aux_modern_heading\" data-id=\"580ec72\" data-element_type=\"widget\" data-widget_type=\"aux_modern_heading.default\">\n\t\t\t\t<div class=\"elementor-widget-container\">\n\t\t\t<section class=\"aux-widget-modern-heading\">\n            <div class=\"aux-widget-inner\"><h6 class=\"aux-modern-heading-primary\">E-mail<\/h6><div class=\"aux-modern-heading-divider\"><\/div><h3 class=\"aux-modern-heading-secondary\"><span class=\"aux-head-before\"> info@havatech.com.tr<\/span><\/h3><\/div>\n        <\/section>\t\t<\/div>\n\t\t\t\t<\/div>\n\t\t\t\t\t<\/div>\n\t\t<\/div>\n\t\t\t\t<div class=\"aux-parallax-section elementor-column elementor-col-33 elementor-inner-column elementor-element elementor-element-8a41f4f aux-appear-watch-animation aux-fade-in-right\" data-id=\"8a41f4f\" data-element_type=\"column\" data-settings=\"{&quot;background_background&quot;:&quot;gradient&quot;}\">\n\t\t\t<div class=\"elementor-widget-wrap elementor-element-populated\">\n\t\t\t\t\t\t<div class=\"elementor-element elementor-element-3314dbc elementor-widget elementor-widget-aux_modern_heading\" data-id=\"3314dbc\" data-element_type=\"widget\" data-widget_type=\"aux_modern_heading.default\">\n\t\t\t\t<div class=\"elementor-widget-container\">\n\t\t\t<section class=\"aux-widget-modern-heading\">\n            <div class=\"aux-widget-inner\"><h6 class=\"aux-modern-heading-primary\">Phone and text\n<\/h6><div class=\"aux-modern-heading-divider\"><\/div><h3 class=\"aux-modern-heading-secondary\"><span class=\"aux-head-before\">+90 212 709 86 96<\/span><\/h3><\/div>\n        <\/section>\t\t<\/div>\n\t\t\t\t<\/div>\n\t\t\t\t\t<\/div>\n\t\t<\/div>\n\t\t\t\t\t<\/div>\n\t\t<\/section>\n\t\t\t\t\t<\/div>\n\t\t<\/div>\n\t\t\t\t\t<\/div>\n\t\t<\/section>\n\t\t\t\t<\/div>\n\t\t","protected":false},"excerpt":{"rendered":"<p>\u0130leti\u015fim \u0130leti\u015fim Formu \u0130sminiz e-posta Konu Mesaj\u0131n\u0131z Address A\u015f\u0131k Veysel Mahallesi Kemal Sunal Sokak Semerkand Residance Kat:9 Daire:70 Esenkent-Esenyurt\/\u0130stanbul E-mail info@havatech.com.tr Phone and text +90 212 709 86 96<\/p>\n","protected":false},"author":2,"featured_media":0,"parent":0,"menu_order":0,"comment_status":"closed","ping_status":"closed","template":"","meta":{"footnotes":""},"class_list":["post-1126","page","type-page","status-publish","hentry"],"yoast_head":"<!-- This site is optimized with the Yoast SEO Premium plugin v19.2.1 (Yoast SEO v24.0) - https:\/\/yoast.com\/wordpress\/plugins\/seo\/ -->\n<title>\u0130leti\u015fim - Havatech<\/title>\n<meta name=\"robots\" content=\"index, follow, max-snippet:-1, max-image-preview:large, max-video-preview:-1\" \/>\n<link rel=\"canonical\" href=\"https:\/\/havatech.com.tr\/tr\/iletisim\/\" \/>\n<meta property=\"og:locale\" content=\"tr_TR\" \/>\n<meta property=\"og:type\" content=\"article\" \/>\n<meta property=\"og:title\" content=\"\u0130leti\u015fim\" \/>\n<meta property=\"og:description\" content=\"\u0130leti\u015fim \u0130leti\u015fim Formu \u0130sminiz e-posta Konu Mesaj\u0131n\u0131z Address A\u015f\u0131k Veysel Mahallesi Kemal Sunal Sokak Semerkand Residance Kat:9 Daire:70 Esenkent-Esenyurt\/\u0130stanbul E-mail info@havatech.com.tr Phone and text +90 212 709 86 96\" \/>\n<meta property=\"og:url\" content=\"https:\/\/havatech.com.tr\/tr\/iletisim\/\" \/>\n<meta property=\"og:site_name\" content=\"Havatech\" \/>\n<meta property=\"article:modified_time\" content=\"2022-09-02T14:39:55+00:00\" \/>\n<meta name=\"twitter:card\" content=\"summary_large_image\" \/>\n<meta name=\"twitter:label1\" content=\"Tahmini okuma s\u00fcresi\" \/>\n\t<meta name=\"twitter:data1\" content=\"1 dakika\" \/>\n<script type=\"application\/ld+json\" class=\"yoast-schema-graph\">{\"@context\":\"https:\/\/schema.org\",\"@graph\":[{\"@type\":\"WebPage\",\"@id\":\"https:\/\/havatech.com.tr\/tr\/iletisim\/\",\"url\":\"https:\/\/havatech.com.tr\/tr\/iletisim\/\",\"name\":\"\u0130leti\u015fim - Havatech\",\"isPartOf\":{\"@id\":\"https:\/\/havatech.com.tr\/#website\"},\"datePublished\":\"2019-01-09T07:58:29+00:00\",\"dateModified\":\"2022-09-02T14:39:55+00:00\",\"breadcrumb\":{\"@id\":\"https:\/\/havatech.com.tr\/tr\/iletisim\/#breadcrumb\"},\"inLanguage\":\"tr\",\"potentialAction\":[{\"@type\":\"ReadAction\",\"target\":[\"https:\/\/havatech.com.tr\/tr\/iletisim\/\"]}]},{\"@type\":\"BreadcrumbList\",\"@id\":\"https:\/\/havatech.com.tr\/tr\/iletisim\/#breadcrumb\",\"itemListElement\":[{\"@type\":\"ListItem\",\"position\":1,\"name\":\"Home\",\"item\":\"https:\/\/havatech.com.tr\/tr\/\"},{\"@type\":\"ListItem\",\"position\":2,\"name\":\"\u0130leti\u015fim\"}]},{\"@type\":\"WebSite\",\"@id\":\"https:\/\/havatech.com.tr\/#website\",\"url\":\"https:\/\/havatech.com.tr\/\",\"name\":\"Havatech\",\"description\":\"A Turkish IT Solution Provider For Aviation Industry\",\"publisher\":{\"@id\":\"https:\/\/havatech.com.tr\/#organization\"},\"potentialAction\":[{\"@type\":\"SearchAction\",\"target\":{\"@type\":\"EntryPoint\",\"urlTemplate\":\"https:\/\/havatech.com.tr\/?s={search_term_string}\"},\"query-input\":{\"@type\":\"PropertyValueSpecification\",\"valueRequired\":true,\"valueName\":\"search_term_string\"}}],\"inLanguage\":\"tr\"},{\"@type\":\"Organization\",\"@id\":\"https:\/\/havatech.com.tr\/#organization\",\"name\":\"Havatech\",\"url\":\"https:\/\/havatech.com.tr\/\",\"logo\":{\"@type\":\"ImageObject\",\"inLanguage\":\"tr\",\"@id\":\"https:\/\/havatech.com.tr\/#\/schema\/logo\/image\/\",\"url\":\"https:\/\/havatech.com.tr\/wp-content\/uploads\/2020\/03\/cropped-logo-havatech-1.png\",\"contentUrl\":\"https:\/\/havatech.com.tr\/wp-content\/uploads\/2020\/03\/cropped-logo-havatech-1.png\",\"width\":160,\"height\":82,\"caption\":\"Havatech\"},\"image\":{\"@id\":\"https:\/\/havatech.com.tr\/#\/schema\/logo\/image\/\"}}]}<\/script>\n<!-- \/ Yoast SEO Premium plugin. -->","yoast_head_json":{"title":"\u0130leti\u015fim - Havatech","robots":{"index":"index","follow":"follow","max-snippet":"max-snippet:-1","max-image-preview":"max-image-preview:large","max-video-preview":"max-video-preview:-1"},"canonical":"https:\/\/havatech.com.tr\/tr\/iletisim\/","og_locale":"tr_TR","og_type":"article","og_title":"\u0130leti\u015fim","og_description":"\u0130leti\u015fim \u0130leti\u015fim Formu \u0130sminiz e-posta Konu Mesaj\u0131n\u0131z Address A\u015f\u0131k Veysel Mahallesi Kemal Sunal Sokak Semerkand Residance Kat:9 Daire:70 Esenkent-Esenyurt\/\u0130stanbul E-mail info@havatech.com.tr Phone and text +90 212 709 86 96","og_url":"https:\/\/havatech.com.tr\/tr\/iletisim\/","og_site_name":"Havatech","article_modified_time":"2022-09-02T14:39:55+00:00","twitter_card":"summary_large_image","twitter_misc":{"Tahmini okuma s\u00fcresi":"1 dakika"},"schema":{"@context":"https:\/\/schema.org","@graph":[{"@type":"WebPage","@id":"https:\/\/havatech.com.tr\/tr\/iletisim\/","url":"https:\/\/havatech.com.tr\/tr\/iletisim\/","name":"\u0130leti\u015fim - Havatech","isPartOf":{"@id":"https:\/\/havatech.com.tr\/#website"},"datePublished":"2019-01-09T07:58:29+00:00","dateModified":"2022-09-02T14:39:55+00:00","breadcrumb":{"@id":"https:\/\/havatech.com.tr\/tr\/iletisim\/#breadcrumb"},"inLanguage":"tr","potentialAction":[{"@type":"ReadAction","target":["https:\/\/havatech.com.tr\/tr\/iletisim\/"]}]},{"@type":"BreadcrumbList","@id":"https:\/\/havatech.com.tr\/tr\/iletisim\/#breadcrumb","itemListElement":[{"@type":"ListItem","position":1,"name":"Home","item":"https:\/\/havatech.com.tr\/tr\/"},{"@type":"ListItem","position":2,"name":"\u0130leti\u015fim"}]},{"@type":"WebSite","@id":"https:\/\/havatech.com.tr\/#website","url":"https:\/\/havatech.com.tr\/","name":"Havatech","description":"A Turkish IT Solution Provider For Aviation Industry","publisher":{"@id":"https:\/\/havatech.com.tr\/#organization"},"potentialAction":[{"@type":"SearchAction","target":{"@type":"EntryPoint","urlTemplate":"https:\/\/havatech.com.tr\/?s={search_term_string}"},"query-input":{"@type":"PropertyValueSpecification","valueRequired":true,"valueName":"search_term_string"}}],"inLanguage":"tr"},{"@type":"Organization","@id":"https:\/\/havatech.com.tr\/#organization","name":"Havatech","url":"https:\/\/havatech.com.tr\/","logo":{"@type":"ImageObject","inLanguage":"tr","@id":"https:\/\/havatech.com.tr\/#\/schema\/logo\/image\/","url":"https:\/\/havatech.com.tr\/wp-content\/uploads\/2020\/03\/cropped-logo-havatech-1.png","contentUrl":"https:\/\/havatech.com.tr\/wp-content\/uploads\/2020\/03\/cropped-logo-havatech-1.png","width":160,"height":82,"caption":"Havatech"},"image":{"@id":"https:\/\/havatech.com.tr\/#\/schema\/logo\/image\/"}}]}},"_links":{"self":[{"href":"https:\/\/havatech.com.tr\/tr\/wp-json\/wp\/v2\/pages\/1126","targetHints":{"allow":["GET"]}}],"collection":[{"href":"https:\/\/havatech.com.tr\/tr\/wp-json\/wp\/v2\/pages"}],"about":[{"href":"https:\/\/havatech.com.tr\/tr\/wp-json\/wp\/v2\/types\/page"}],"author":[{"embeddable":true,"href":"https:\/\/havatech.com.tr\/tr\/wp-json\/wp\/v2\/users\/2"}],"replies":[{"embeddable":true,"href":"https:\/\/havatech.com.tr\/tr\/wp-json\/wp\/v2\/comments?post=1126"}],"version-history":[{"count":5,"href":"https:\/\/havatech.com.tr\/tr\/wp-json\/wp\/v2\/pages\/1126\/revisions"}],"predecessor-version":[{"id":2613,"href":"https:\/\/havatech.com.tr\/tr\/wp-json\/wp\/v2\/pages\/1126\/revisions\/2613"}],"wp:attachment":[{"href":"https:\/\/havatech.com.tr\/tr\/wp-json\/wp\/v2\/media?parent=1126"}],"curies":[{"name":"wp","href":"https:\/\/api.w.org\/{rel}","templated":true}]}}