{"id":1119,"date":"2022-04-26T03:37:21","date_gmt":"2022-04-26T03:37:21","guid":{"rendered":"https:\/\/havatech.com.tr\/hakkimizda\/"},"modified":"2022-09-02T14:32:51","modified_gmt":"2022-09-02T14:32:51","slug":"hakkimizda","status":"publish","type":"page","link":"https:\/\/havatech.com.tr\/tr\/hakkimizda\/","title":{"rendered":"hakkimizda"},"content":{"rendered":"\t\t<div data-elementor-type=\"wp-page\" data-elementor-id=\"1119\" class=\"elementor elementor-1119\">\n\t\t\t\t\t\t<section class=\"elementor-section elementor-top-section elementor-element elementor-element-60eef76d elementor-section-boxed elementor-section-height-default elementor-section-height-default\" data-id=\"60eef76d\" data-element_type=\"section\">\n\t\t\t\t\t\t<div class=\"elementor-container elementor-column-gap-no\">\n\t\t\t\t\t<div class=\"aux-parallax-section elementor-column elementor-col-50 elementor-top-column elementor-element elementor-element-24bf8104\" data-id=\"24bf8104\" data-element_type=\"column\">\n\t\t\t<div class=\"elementor-widget-wrap elementor-element-populated\">\n\t\t\t\t\t\t<div class=\"elementor-element elementor-element-41e2ecf4 aux-appear-watch-animation aux-fade-in-up elementor-widget elementor-widget-aux_modern_heading\" data-id=\"41e2ecf4\" data-element_type=\"widget\" data-widget_type=\"aux_modern_heading.default\">\n\t\t\t\t<div class=\"elementor-widget-container\">\n\t\t\t<section class=\"aux-widget-modern-heading\">\n            <div class=\"aux-widget-inner\"><div class=\"aux-modern-heading-divider\"><\/div><h6 class=\"aux-modern-heading-primary\">Misyon<\/h6><div class=\"aux-modern-heading-description\"><p style=\"text-align: justify\">\u0130stanbul merkezli HAVATECH, havaalanlar\u0131, havayollar\u0131 ve yer hizmetleri i\u00e7in DCS, W&amp;B ve AODB gibi ICT (Bilgi ve \u0130leti\u015fim Teknolojisi) yaz\u0131l\u0131m \u00e7\u00f6z\u00fcmleri sa\u011flay\u0131c\u0131s\u0131d\u0131r. Havac\u0131l\u0131k BT \u00e7\u00f6z\u00fcmlerinde lider olmay\u0131 hedefleyen Havatech, havac\u0131l\u0131k end\u00fcstrisinin ihtiya\u00e7lar\u0131n\u0131 kar\u015f\u0131layan ve havayollar\u0131 firmalar\u0131n\u0131n b\u00fct\u00e7esine uyan pratik, modern ve uygun maliyetli hizmetler sunmaya odaklanm\u0131\u015ft\u0131r. \u0130lk hedefimiz, havayollar\u0131n\u0131 finansal veya ekonomik olarak zor duruma sokmayacak do\u011fru bir yolcu hizmet sistemi geli\u015ftirmektir. Ayr\u0131ca, giri\u015fimci ruhumuzu korumaya verdi\u011fimiz \u00f6nemle, m\u00fc\u015fterilerin bizimle olan i\u015f ili\u015fkilerini rahatl\u0131kla geli\u015ftirebilecekleri bir ortam sa\u011flamay\u0131 ama\u00e7lad\u0131k.<\/p><\/div><\/div>\n        <\/section>\t\t<\/div>\n\t\t\t\t<\/div>\n\t\t\t\t\t<\/div>\n\t\t<\/div>\n\t\t\t\t<div class=\"aux-parallax-section elementor-column elementor-col-50 elementor-top-column elementor-element elementor-element-4e090006\" data-id=\"4e090006\" data-element_type=\"column\">\n\t\t\t<div class=\"elementor-widget-wrap elementor-element-populated\">\n\t\t\t\t\t\t<div class=\"elementor-element elementor-element-28574113 aux-appear-watch-animation aux-fade-in-up elementor-widget elementor-widget-aux_modern_heading\" data-id=\"28574113\" data-element_type=\"widget\" data-widget_type=\"aux_modern_heading.default\">\n\t\t\t\t<div class=\"elementor-widget-container\">\n\t\t\t<section class=\"aux-widget-modern-heading\">\n            <div class=\"aux-widget-inner\"><h6 class=\"aux-modern-heading-primary\"><\/h6><div class=\"aux-modern-heading-description\"><p style=\"text-align: justify\">Gelecek odakl\u0131, s\u00fcrekli de\u011fi\u015fen ilerici vizyon ve m\u00fc\u015fteri merkezli ortakl\u0131\u011f\u0131m\u0131z\u0131 g\u00f6z \u00f6n\u00fcnde bulundurarak, yolcu i\u015fleme, kaynak y\u00f6netimi, u\u00e7u\u015f y\u00f6netimi, operasyonel mesajla\u015fma, havaliman\u0131 faturaland\u0131rmas\u0131n\u0131 i\u00e7eren yeni verimli ve ekonomik bir hizmet olarak yaz\u0131l\u0131m (SaaS) \u00e7\u00f6z\u00fcmleri geli\u015ftirmeyi ba\u015fard\u0131k. Havatech \u00e7\u00f6z\u00fcmleriyle havayolunun b\u00fcy\u00fckl\u00fc\u011f\u00fc, komplikasyonu veya b\u00f6lgesi ne olursa olsun, toplam maliyetini d\u00fc\u015f\u00fcrmek, s\u00fcre\u00e7leri optimize etmek, yolcular\u0131n deneyimini geli\u015ftirmek ve havac\u0131l\u0131k end\u00fcstrisinin rekabet\u00e7i i\u015f ortam\u0131ndaki en b\u00fcy\u00fck zorluklar\u0131 s\u00fcrekli olarak \u00e7\u00f6zmek m\u00fcmk\u00fcn<b>.<\/b><\/p><\/div><\/div>\n        <\/section>\t\t<\/div>\n\t\t\t\t<\/div>\n\t\t\t\t\t<\/div>\n\t\t<\/div>\n\t\t\t\t\t<\/div>\n\t\t<\/section>\n\t\t\t\t<section class=\"elementor-section elementor-top-section elementor-element elementor-element-9e6f8cd elementor-reverse-tablet elementor-reverse-mobile elementor-section-content-middle elementor-section-boxed elementor-section-height-default elementor-section-height-default\" data-id=\"9e6f8cd\" data-element_type=\"section\">\n\t\t\t\t\t\t<div class=\"elementor-container elementor-column-gap-no\">\n\t\t\t\t\t<div class=\"aux-parallax-section elementor-column elementor-col-50 elementor-top-column elementor-element elementor-element-182bfef\" data-id=\"182bfef\" data-element_type=\"column\">\n\t\t\t<div class=\"elementor-widget-wrap elementor-element-populated\">\n\t\t\t\t\t\t<div class=\"elementor-element elementor-element-c850289 aux-appear-watch-animation aux-fade-in-up elementor-widget elementor-widget-aux_modern_heading\" data-id=\"c850289\" data-element_type=\"widget\" data-widget_type=\"aux_modern_heading.default\">\n\t\t\t\t<div class=\"elementor-widget-container\">\n\t\t\t<section class=\"aux-widget-modern-heading\">\n            <div class=\"aux-widget-inner\"><div class=\"aux-modern-heading-divider\"><\/div><h6 class=\"aux-modern-heading-primary\">Vizyon<\/h6><div class=\"aux-modern-heading-description\"><p style=\"text-align: justify\">Hedefimiz kalite, yenilik\u00e7ilik ve m\u00fc\u015fterilerimizin ihtiya\u00e7lar\u0131n\u0131 kar\u015f\u0131layan d\u00fc\u015f\u00fck maliyetli \u00e7\u00f6z\u00fcmler kullanarak havac\u0131l\u0131k BT sekt\u00f6r\u00fcnde portf\u00f6y\u00fcm\u00fcz\u00fcn itibar\u0131n\u0131 art\u0131rmakt\u0131r ve lider konuma gelmektir. Vizyonumuz, toplulu\u011fumuz i\u00e7in yenilik\u00e7i BT \u00e7\u00f6z\u00fcmleri sunmak i\u00e7in uygun bir ortam olu\u015fturmakt\u0131r.<\/p><\/div><\/div>\n        <\/section>\t\t<\/div>\n\t\t\t\t<\/div>\n\t\t\t\t\t<\/div>\n\t\t<\/div>\n\t\t\t\t<div class=\"aux-parallax-section elementor-column elementor-col-50 elementor-top-column elementor-element elementor-element-c4b5422 aux-appear-watch-animation aux-fade-in-right-2\" data-id=\"c4b5422\" data-element_type=\"column\">\n\t\t\t<div class=\"elementor-widget-wrap elementor-element-populated\">\n\t\t\t\t\t\t<div class=\"elementor-element elementor-element-ad9318f elementor-widget elementor-widget-image\" data-id=\"ad9318f\" data-element_type=\"widget\" data-widget_type=\"image.default\">\n\t\t\t\t<div class=\"elementor-widget-container\">\n\t\t\t\t\t\t\t\t\t\t\t\t\t\t<a href=\"https:\/\/havatech.com.tr\/wp-content\/uploads\/2022\/04\/About-Us1.jpg\" data-elementor-open-lightbox=\"yes\" data-elementor-lightbox-title=\"About-Us\" data-e-action-hash=\"#elementor-action%3Aaction%3Dlightbox%26settings%3DeyJpZCI6OTM3LCJ1cmwiOiJodHRwczpcL1wvaGF2YXRlY2guY29tLnRyXC93cC1jb250ZW50XC91cGxvYWRzXC8yMDIyXC8wNFwvQWJvdXQtVXMxLmpwZyJ9\">\n\t\t\t\t\t\t\t<img fetchpriority=\"high\" decoding=\"async\" width=\"626\" height=\"282\" src=\"https:\/\/havatech.com.tr\/wp-content\/uploads\/2022\/04\/About-Us1.jpg\" class=\"attachment-full size-full wp-image-937\" alt=\"\" \/>\t\t\t\t\t\t\t\t<\/a>\n\t\t\t\t\t\t\t\t\t\t\t\t\t<\/div>\n\t\t\t\t<\/div>\n\t\t\t\t\t<\/div>\n\t\t<\/div>\n\t\t\t\t\t<\/div>\n\t\t<\/section>\n\t\t\t\t<\/div>\n\t\t","protected":false},"excerpt":{"rendered":"<p>Misyon \u0130stanbul merkezli HAVATECH, havaalanlar\u0131, havayollar\u0131 ve yer hizmetleri i\u00e7in DCS, W&amp;B ve AODB gibi ICT (Bilgi ve \u0130leti\u015fim Teknolojisi) yaz\u0131l\u0131m \u00e7\u00f6z\u00fcmleri sa\u011flay\u0131c\u0131s\u0131d\u0131r. Havac\u0131l\u0131k BT \u00e7\u00f6z\u00fcmlerinde lider olmay\u0131 hedefleyen Havatech, havac\u0131l\u0131k end\u00fcstrisinin ihtiya\u00e7lar\u0131n\u0131 kar\u015f\u0131layan ve havayollar\u0131 firmalar\u0131n\u0131n b\u00fct\u00e7esine uyan pratik, modern ve uygun maliyetli hizmetler sunmaya odaklanm\u0131\u015ft\u0131r. \u0130lk hedefimiz, havayollar\u0131n\u0131 finansal veya ekonomik olarak zor [&hellip;]<\/p>\n","protected":false},"author":2,"featured_media":0,"parent":0,"menu_order":0,"comment_status":"closed","ping_status":"closed","template":"","meta":{"footnotes":""},"class_list":["post-1119","page","type-page","status-publish","hentry"],"yoast_head":"<!-- This site is optimized with the Yoast SEO Premium plugin v19.2.1 (Yoast SEO v24.0) - https:\/\/yoast.com\/wordpress\/plugins\/seo\/ -->\n<title>hakkimizda - Havatech<\/title>\n<meta name=\"robots\" content=\"index, follow, max-snippet:-1, max-image-preview:large, max-video-preview:-1\" \/>\n<link rel=\"canonical\" href=\"https:\/\/havatech.com.tr\/tr\/hakkimizda\/\" \/>\n<meta property=\"og:locale\" content=\"tr_TR\" \/>\n<meta property=\"og:type\" content=\"article\" \/>\n<meta property=\"og:title\" content=\"hakkimizda\" \/>\n<meta property=\"og:description\" content=\"Misyon \u0130stanbul merkezli HAVATECH, havaalanlar\u0131, havayollar\u0131 ve yer hizmetleri i\u00e7in DCS, W&amp;B ve AODB gibi ICT (Bilgi ve \u0130leti\u015fim Teknolojisi) yaz\u0131l\u0131m \u00e7\u00f6z\u00fcmleri sa\u011flay\u0131c\u0131s\u0131d\u0131r. Havac\u0131l\u0131k BT \u00e7\u00f6z\u00fcmlerinde lider olmay\u0131 hedefleyen Havatech, havac\u0131l\u0131k end\u00fcstrisinin ihtiya\u00e7lar\u0131n\u0131 kar\u015f\u0131layan ve havayollar\u0131 firmalar\u0131n\u0131n b\u00fct\u00e7esine uyan pratik, modern ve uygun maliyetli hizmetler sunmaya odaklanm\u0131\u015ft\u0131r. \u0130lk hedefimiz, havayollar\u0131n\u0131 finansal veya ekonomik olarak zor [&hellip;]\" \/>\n<meta property=\"og:url\" content=\"https:\/\/havatech.com.tr\/tr\/hakkimizda\/\" \/>\n<meta property=\"og:site_name\" content=\"Havatech\" \/>\n<meta property=\"article:modified_time\" content=\"2022-09-02T14:32:51+00:00\" \/>\n<meta property=\"og:image\" content=\"https:\/\/havatech.com.tr\/wp-content\/uploads\/2022\/04\/About-Us1.jpg\" \/>\n<meta name=\"twitter:card\" content=\"summary_large_image\" \/>\n<meta name=\"twitter:label1\" content=\"Tahmini okuma s\u00fcresi\" \/>\n\t<meta name=\"twitter:data1\" content=\"1 dakika\" \/>\n<script type=\"application\/ld+json\" class=\"yoast-schema-graph\">{\"@context\":\"https:\/\/schema.org\",\"@graph\":[{\"@type\":\"WebPage\",\"@id\":\"https:\/\/havatech.com.tr\/tr\/hakkimizda\/\",\"url\":\"https:\/\/havatech.com.tr\/tr\/hakkimizda\/\",\"name\":\"hakkimizda - Havatech\",\"isPartOf\":{\"@id\":\"https:\/\/havatech.com.tr\/#website\"},\"primaryImageOfPage\":{\"@id\":\"https:\/\/havatech.com.tr\/tr\/hakkimizda\/#primaryimage\"},\"image\":{\"@id\":\"https:\/\/havatech.com.tr\/tr\/hakkimizda\/#primaryimage\"},\"thumbnailUrl\":\"https:\/\/havatech.com.tr\/wp-content\/uploads\/2022\/04\/About-Us1.jpg\",\"datePublished\":\"2022-04-26T03:37:21+00:00\",\"dateModified\":\"2022-09-02T14:32:51+00:00\",\"breadcrumb\":{\"@id\":\"https:\/\/havatech.com.tr\/tr\/hakkimizda\/#breadcrumb\"},\"inLanguage\":\"tr\",\"potentialAction\":[{\"@type\":\"ReadAction\",\"target\":[\"https:\/\/havatech.com.tr\/tr\/hakkimizda\/\"]}]},{\"@type\":\"ImageObject\",\"inLanguage\":\"tr\",\"@id\":\"https:\/\/havatech.com.tr\/tr\/hakkimizda\/#primaryimage\",\"url\":\"https:\/\/havatech.com.tr\/wp-content\/uploads\/2022\/04\/About-Us1.jpg\",\"contentUrl\":\"https:\/\/havatech.com.tr\/wp-content\/uploads\/2022\/04\/About-Us1.jpg\"},{\"@type\":\"BreadcrumbList\",\"@id\":\"https:\/\/havatech.com.tr\/tr\/hakkimizda\/#breadcrumb\",\"itemListElement\":[{\"@type\":\"ListItem\",\"position\":1,\"name\":\"Home\",\"item\":\"https:\/\/havatech.com.tr\/tr\/\"},{\"@type\":\"ListItem\",\"position\":2,\"name\":\"hakkimizda\"}]},{\"@type\":\"WebSite\",\"@id\":\"https:\/\/havatech.com.tr\/#website\",\"url\":\"https:\/\/havatech.com.tr\/\",\"name\":\"Havatech\",\"description\":\"A Turkish IT Solution Provider For Aviation Industry\",\"publisher\":{\"@id\":\"https:\/\/havatech.com.tr\/#organization\"},\"potentialAction\":[{\"@type\":\"SearchAction\",\"target\":{\"@type\":\"EntryPoint\",\"urlTemplate\":\"https:\/\/havatech.com.tr\/?s={search_term_string}\"},\"query-input\":{\"@type\":\"PropertyValueSpecification\",\"valueRequired\":true,\"valueName\":\"search_term_string\"}}],\"inLanguage\":\"tr\"},{\"@type\":\"Organization\",\"@id\":\"https:\/\/havatech.com.tr\/#organization\",\"name\":\"Havatech\",\"url\":\"https:\/\/havatech.com.tr\/\",\"logo\":{\"@type\":\"ImageObject\",\"inLanguage\":\"tr\",\"@id\":\"https:\/\/havatech.com.tr\/#\/schema\/logo\/image\/\",\"url\":\"https:\/\/havatech.com.tr\/wp-content\/uploads\/2020\/03\/cropped-logo-havatech-1.png\",\"contentUrl\":\"https:\/\/havatech.com.tr\/wp-content\/uploads\/2020\/03\/cropped-logo-havatech-1.png\",\"width\":160,\"height\":82,\"caption\":\"Havatech\"},\"image\":{\"@id\":\"https:\/\/havatech.com.tr\/#\/schema\/logo\/image\/\"}}]}<\/script>\n<!-- \/ Yoast SEO Premium plugin. -->","yoast_head_json":{"title":"hakkimizda - Havatech","robots":{"index":"index","follow":"follow","max-snippet":"max-snippet:-1","max-image-preview":"max-image-preview:large","max-video-preview":"max-video-preview:-1"},"canonical":"https:\/\/havatech.com.tr\/tr\/hakkimizda\/","og_locale":"tr_TR","og_type":"article","og_title":"hakkimizda","og_description":"Misyon \u0130stanbul merkezli HAVATECH, havaalanlar\u0131, havayollar\u0131 ve yer hizmetleri i\u00e7in DCS, W&amp;B ve AODB gibi ICT (Bilgi ve \u0130leti\u015fim Teknolojisi) yaz\u0131l\u0131m \u00e7\u00f6z\u00fcmleri sa\u011flay\u0131c\u0131s\u0131d\u0131r. Havac\u0131l\u0131k BT \u00e7\u00f6z\u00fcmlerinde lider olmay\u0131 hedefleyen Havatech, havac\u0131l\u0131k end\u00fcstrisinin ihtiya\u00e7lar\u0131n\u0131 kar\u015f\u0131layan ve havayollar\u0131 firmalar\u0131n\u0131n b\u00fct\u00e7esine uyan pratik, modern ve uygun maliyetli hizmetler sunmaya odaklanm\u0131\u015ft\u0131r. \u0130lk hedefimiz, havayollar\u0131n\u0131 finansal veya ekonomik olarak zor [&hellip;]","og_url":"https:\/\/havatech.com.tr\/tr\/hakkimizda\/","og_site_name":"Havatech","article_modified_time":"2022-09-02T14:32:51+00:00","og_image":[{"url":"https:\/\/havatech.com.tr\/wp-content\/uploads\/2022\/04\/About-Us1.jpg","type":"","width":"","height":""}],"twitter_card":"summary_large_image","twitter_misc":{"Tahmini okuma s\u00fcresi":"1 dakika"},"schema":{"@context":"https:\/\/schema.org","@graph":[{"@type":"WebPage","@id":"https:\/\/havatech.com.tr\/tr\/hakkimizda\/","url":"https:\/\/havatech.com.tr\/tr\/hakkimizda\/","name":"hakkimizda - Havatech","isPartOf":{"@id":"https:\/\/havatech.com.tr\/#website"},"primaryImageOfPage":{"@id":"https:\/\/havatech.com.tr\/tr\/hakkimizda\/#primaryimage"},"image":{"@id":"https:\/\/havatech.com.tr\/tr\/hakkimizda\/#primaryimage"},"thumbnailUrl":"https:\/\/havatech.com.tr\/wp-content\/uploads\/2022\/04\/About-Us1.jpg","datePublished":"2022-04-26T03:37:21+00:00","dateModified":"2022-09-02T14:32:51+00:00","breadcrumb":{"@id":"https:\/\/havatech.com.tr\/tr\/hakkimizda\/#breadcrumb"},"inLanguage":"tr","potentialAction":[{"@type":"ReadAction","target":["https:\/\/havatech.com.tr\/tr\/hakkimizda\/"]}]},{"@type":"ImageObject","inLanguage":"tr","@id":"https:\/\/havatech.com.tr\/tr\/hakkimizda\/#primaryimage","url":"https:\/\/havatech.com.tr\/wp-content\/uploads\/2022\/04\/About-Us1.jpg","contentUrl":"https:\/\/havatech.com.tr\/wp-content\/uploads\/2022\/04\/About-Us1.jpg"},{"@type":"BreadcrumbList","@id":"https:\/\/havatech.com.tr\/tr\/hakkimizda\/#breadcrumb","itemListElement":[{"@type":"ListItem","position":1,"name":"Home","item":"https:\/\/havatech.com.tr\/tr\/"},{"@type":"ListItem","position":2,"name":"hakkimizda"}]},{"@type":"WebSite","@id":"https:\/\/havatech.com.tr\/#website","url":"https:\/\/havatech.com.tr\/","name":"Havatech","description":"A Turkish IT Solution Provider For Aviation Industry","publisher":{"@id":"https:\/\/havatech.com.tr\/#organization"},"potentialAction":[{"@type":"SearchAction","target":{"@type":"EntryPoint","urlTemplate":"https:\/\/havatech.com.tr\/?s={search_term_string}"},"query-input":{"@type":"PropertyValueSpecification","valueRequired":true,"valueName":"search_term_string"}}],"inLanguage":"tr"},{"@type":"Organization","@id":"https:\/\/havatech.com.tr\/#organization","name":"Havatech","url":"https:\/\/havatech.com.tr\/","logo":{"@type":"ImageObject","inLanguage":"tr","@id":"https:\/\/havatech.com.tr\/#\/schema\/logo\/image\/","url":"https:\/\/havatech.com.tr\/wp-content\/uploads\/2020\/03\/cropped-logo-havatech-1.png","contentUrl":"https:\/\/havatech.com.tr\/wp-content\/uploads\/2020\/03\/cropped-logo-havatech-1.png","width":160,"height":82,"caption":"Havatech"},"image":{"@id":"https:\/\/havatech.com.tr\/#\/schema\/logo\/image\/"}}]}},"_links":{"self":[{"href":"https:\/\/havatech.com.tr\/tr\/wp-json\/wp\/v2\/pages\/1119","targetHints":{"allow":["GET"]}}],"collection":[{"href":"https:\/\/havatech.com.tr\/tr\/wp-json\/wp\/v2\/pages"}],"about":[{"href":"https:\/\/havatech.com.tr\/tr\/wp-json\/wp\/v2\/types\/page"}],"author":[{"embeddable":true,"href":"https:\/\/havatech.com.tr\/tr\/wp-json\/wp\/v2\/users\/2"}],"replies":[{"embeddable":true,"href":"https:\/\/havatech.com.tr\/tr\/wp-json\/wp\/v2\/comments?post=1119"}],"version-history":[{"count":5,"href":"https:\/\/havatech.com.tr\/tr\/wp-json\/wp\/v2\/pages\/1119\/revisions"}],"predecessor-version":[{"id":2584,"href":"https:\/\/havatech.com.tr\/tr\/wp-json\/wp\/v2\/pages\/1119\/revisions\/2584"}],"wp:attachment":[{"href":"https:\/\/havatech.com.tr\/tr\/wp-json\/wp\/v2\/media?parent=1119"}],"curies":[{"name":"wp","href":"https:\/\/api.w.org\/{rel}","templated":true}]}}